{"id":11080,"date":"2023-09-20T16:55:08","date_gmt":"2023-09-20T13:55:08","guid":{"rendered":"https:\/\/cbditaly.ee\/?post_type=product&#038;p=11080"},"modified":"2025-12-29T18:14:57","modified_gmt":"2025-12-29T16:14:57","slug":"cbd-kanepioli-36-sportline","status":"publish","type":"product","link":"https:\/\/cbditaly.ee\/ru\/product\/cbd-kanepioli-36-sportline\/","title":{"rendered":"CBD \u041a\u043e\u043d\u043e\u043f\u043b\u044f\u043d\u043e\u0435 \u043c\u0430\u0441\u043b\u043e 36% SPORTLINE"},"content":{"rendered":"<p>CBD 36%, Ekstra neitsi kanepi\u00f5li, THC-vaba, \u201cSPORTLINE\u201d sisaldab 3600 mg orgaanilist CBD isolaati, mille puhtus on 99,9% ja mis on ekstraheeritud Itaalia kanepist, kanepi\u00f5lis. Hoidke lastele k\u00e4ttesaamatus kohas. V\u00e4ltige kokkupuudet silmade ja lahtiste haavadega. THC-vaba. \u2013 Valmistatud EL-is.<\/p>\n<p>\u041f\u0440\u043e\u0438\u0437\u0432\u043e\u0434\u0438\u0442\u0435\u043b\u044c: Organic CBDITALY Limited<br \/>\n\u041e\u043f\u0442\u043e\u0432\u0430\u044f: <a href=\"https:\/\/www.cbditaly.store\/\" target=\"_blank\" rel=\"noopener\">www.cbditaly.store<\/a><\/p>\n<pre>\u041a\u043e\u0441\u043c\u0435\u0442\u0438\u0447\u0435\u0441\u043a\u0438\u0439 \u043f\u0440\u043e\u0434\u0443\u043a\u0442, \u0437\u0430\u0440\u0435\u0433\u0438\u0441\u0442\u0440\u0438\u0440\u043e\u0432\u0430\u043d\u043d\u044b\u0439 \u0432 CPNP \u0415\u0421.<\/pre>","protected":false},"excerpt":{"rendered":"<p>CBD \u041a\u043e\u043d\u043e\u043f\u043b\u044f\u043d\u043e\u0435 \u043c\u0430\u0441\u043b\u043e 36% SPORTLINE -10ml-<\/p>","protected":false},"featured_media":10796,"template":"","meta":{"_joinchat":[]},"product_brand":[],"product_cat":[626],"product_tag":[],"class_list":{"0":"post-11080","1":"product","2":"type-product","3":"status-publish","4":"has-post-thumbnail","6":"product_cat-sportline-cbd-cbg-olid","9":"first","10":"instock","11":"sale","12":"purchasable","13":"product-type-simple"},"tiered_pricing_type":"fixed","tiered_pricing_fixed_rules":{"2":100,"5":90,"10":80},"tiered_pricing_product_settings":{"layout":"default","base_unit_name":{"singular":null,"plural":null},"default_variation":null},"tiered_pricing_minimum_quantity":null,"tiered_pricing_roles_data":[],"tiered_pricing_percentage_rules":[],"tiered_pricing_maximum_quantity":null,"tiered_pricing_quantity_step":null,"_links":{"self":[{"href":"https:\/\/cbditaly.ee\/ru\/wp-json\/wp\/v2\/product\/11080","targetHints":{"allow":["GET"]}}],"collection":[{"href":"https:\/\/cbditaly.ee\/ru\/wp-json\/wp\/v2\/product"}],"about":[{"href":"https:\/\/cbditaly.ee\/ru\/wp-json\/wp\/v2\/types\/product"}],"wp:featuredmedia":[{"embeddable":true,"href":"https:\/\/cbditaly.ee\/ru\/wp-json\/wp\/v2\/media\/10796"}],"wp:attachment":[{"href":"https:\/\/cbditaly.ee\/ru\/wp-json\/wp\/v2\/media?parent=11080"}],"wp:term":[{"taxonomy":"product_brand","embeddable":true,"href":"https:\/\/cbditaly.ee\/ru\/wp-json\/wp\/v2\/product_brand?post=11080"},{"taxonomy":"product_cat","embeddable":true,"href":"https:\/\/cbditaly.ee\/ru\/wp-json\/wp\/v2\/product_cat?post=11080"},{"taxonomy":"product_tag","embeddable":true,"href":"https:\/\/cbditaly.ee\/ru\/wp-json\/wp\/v2\/product_tag?post=11080"}],"curies":[{"name":"wp","href":"https:\/\/api.w.org\/{rel}","templated":true}]}}