{"id":11564,"date":"2024-04-03T18:39:34","date_gmt":"2024-04-03T15:39:34","guid":{"rendered":"https:\/\/cbditaly.ee\/?post_type=product&#038;p=11564"},"modified":"2024-04-03T18:40:28","modified_gmt":"2024-04-03T15:40:28","slug":"ice-bong-with-dome-perkolator-green","status":"publish","type":"product","link":"https:\/\/cbditaly.ee\/ru\/product\/ice-bong-with-dome-perkolator-green\/","title":{"rendered":"Ice Bong with Dome Perkolator Green"},"content":{"rendered":"<p><strong>Ice Bong with Dome Perkolator Green<\/strong><br \/>\n<strong>H 205mm \u00d8 40mm SG 14 WT 2,5mm<\/strong><\/p>\n<p>Tutvustame meie premium j\u00e4\u00e4tist, mis on loodud n\u00f5udlikule asjatundjale. Iga t\u00fckk on valmistatud k\u00f5rgekvaliteedilisest boorsilikaatklaasist, mis on tuntud oma vastupidavuse ja selguse poolest, tagades, et teie kogemus on mitte ainult sujuv, vaid ka esteetiliselt meeldiv.<\/p>\n<p>Selle disaini s\u00fcdames on keerukas kuppelperkolaator, mis on geniaalselt projekteeritud suitsu vee kaudu hajutama ja filtreerima, pakkudes l\u00f6\u00f6ki, mis on nii v\u00f5imas kui ka siidiselt sile. Strateegiliselt paigutatud j\u00e4\u00e4piikide lisamine muudab iga sessiooni v\u00e4rskendavalt jahedaks p\u00f5genemiseks, jahutades suitsu t\u00e4iuslikkusele, et tagada meeldiv kurgutunne.<\/p>\n<p>Bongil on chillum, mis on varustatud \u00fcrdikausiga, spetsiaalselt kujundatud \u00f5mblusteta ja t\u00f5stetud \u00fcrdikogemuse jaoks. Peenelt valmistatud kauss hoiab teie valitud \u00fcrte h\u00f5lpsalt, v\u00f5imaldades \u00fchtlast ja t\u00f5husat p\u00f5lemist.<\/p>\n<p>Iga detail on hoolikalt l\u00e4bi m\u00f5eldud, sealhulgas \u00fcmardatud huulik, mis sobitub vaevata teie huultega, pakkudes erakordselt mugavat ja nauditavat t\u00f5mmet. Disain on elegantse l\u00f5puga, millel on s\u00fcsi auk, mis v\u00f5imaldab t\u00e4ielikku kontrolli teie suitsetamisseansi \u00fcle. See funktsioon v\u00f5imaldab teil suitsu kiiresti v\u00e4lja puhastada, pakkudes rahuldavat ja meeldej\u00e4\u00e4vat l\u00f5pp-l\u00f6\u00f6ki.<\/p>\n<p>Meie j\u00e4\u00e4bong ei ole lihtsalt t\u00f6\u00f6riist, vaid meistriteos, mis \u00fchendab funktsionaalsuse kunstilisusega, eesm\u00e4rgiga t\u00f5sta teie suitsetamisrituaal luksuslikuks kogemuseks. Tere tulemast uude suitsetamise sofistikatsiooni ajastusse.<\/p>","protected":false},"excerpt":{"rendered":"<p>Ice Bong with Dome Perkolator Green<br \/>\nH 205mm \u00d8 40mm SG 14 WT 2,5mm<\/p>","protected":false},"featured_media":11560,"template":"","meta":{"_joinchat":[]},"product_brand":[],"product_cat":[676],"product_tag":[],"class_list":{"0":"post-11564","1":"product","2":"type-product","3":"status-publish","4":"has-post-thumbnail","6":"product_cat-headshop","9":"first","10":"instock","11":"taxable","12":"shipping-taxable","13":"purchasable","14":"product-type-simple"},"tiered_pricing_type":"fixed","tiered_pricing_fixed_rules":[],"tiered_pricing_product_settings":{"layout":"default","base_unit_name":{"singular":null,"plural":null},"default_variation":null},"tiered_pricing_minimum_quantity":null,"tiered_pricing_roles_data":[],"tiered_pricing_percentage_rules":[],"tiered_pricing_maximum_quantity":null,"tiered_pricing_quantity_step":null,"_links":{"self":[{"href":"https:\/\/cbditaly.ee\/ru\/wp-json\/wp\/v2\/product\/11564","targetHints":{"allow":["GET"]}}],"collection":[{"href":"https:\/\/cbditaly.ee\/ru\/wp-json\/wp\/v2\/product"}],"about":[{"href":"https:\/\/cbditaly.ee\/ru\/wp-json\/wp\/v2\/types\/product"}],"wp:featuredmedia":[{"embeddable":true,"href":"https:\/\/cbditaly.ee\/ru\/wp-json\/wp\/v2\/media\/11560"}],"wp:attachment":[{"href":"https:\/\/cbditaly.ee\/ru\/wp-json\/wp\/v2\/media?parent=11564"}],"wp:term":[{"taxonomy":"product_brand","embeddable":true,"href":"https:\/\/cbditaly.ee\/ru\/wp-json\/wp\/v2\/product_brand?post=11564"},{"taxonomy":"product_cat","embeddable":true,"href":"https:\/\/cbditaly.ee\/ru\/wp-json\/wp\/v2\/product_cat?post=11564"},{"taxonomy":"product_tag","embeddable":true,"href":"https:\/\/cbditaly.ee\/ru\/wp-json\/wp\/v2\/product_tag?post=11564"}],"curies":[{"name":"wp","href":"https:\/\/api.w.org\/{rel}","templated":true}]}}