{"id":12195,"date":"2025-02-02T21:34:21","date_gmt":"2025-02-02T19:34:21","guid":{"rendered":"https:\/\/cbditaly.ee\/?post_type=product&#038;p=12195"},"modified":"2026-03-13T01:26:46","modified_gmt":"2026-03-12T23:26:46","slug":"booster-500-mg-d9-thcv-10-ml","status":"publish","type":"product","link":"https:\/\/cbditaly.ee\/ru\/product\/booster-500-mg-d9-thcv-10-ml\/","title":{"rendered":"Booster 500 mg D9-THCV 10ml"},"content":{"rendered":"<p data-start=\"130\" data-end=\"167\">Booster 500 mg D9-THCV 10 ml<\/p>\n<p data-start=\"0\" data-end=\"19\">Tehniline toode<\/p>\n<p data-start=\"21\" data-end=\"101\">Koostis: prop\u00fcleengl\u00fckool (PG), \u03949-tetrah\u00fcdrokannabivariin (D9-THCV) 500 mg.<\/p>\n<p data-start=\"103\" data-end=\"201\">Kasutus: ainult professionaalseks ja tehniliseks kasutamiseks. Ei ole m\u00f5eldud inimtarbimiseks.<\/p>\n<p data-start=\"203\" data-end=\"250\">Hoiatus: hoida lastele k\u00e4ttesaamatus kohas.<\/p>\n<p data-start=\"252\" data-end=\"326\">Vastutav ettev\u00f5tja (EL): Organic CBD Italy Kft<br data-start=\"302\" data-end=\"305\" \/>KMKR: HU2733854<\/p>\n<p data-start=\"328\" data-end=\"348\">Netokogus: 10 ml<\/p>\n<p data-start=\"350\" data-end=\"580\" data-is-last-node=\"\" data-is-only-node=\"\">\u0425\u043e\u0442\u0438\u0442\u0435 \u0441\u0442\u0430\u0442\u044c \u043d\u0435\u0437\u0430\u0432\u0438\u0441\u0438\u043c\u044b\u043c \u0434\u0438\u0441\u0442\u0440\u0438\u0431\u044c\u044e\u0442\u043e\u0440\u043e\u043c \u0438\u043b\u0438 \u0444\u0440\u0430\u043d\u0447\u0430\u0439\u0437-\u043f\u0430\u0440\u0442\u043d\u0451\u0440\u043e\u043c?<br data-start=\"417\" data-end=\"420\" \/>Madalad miinimumkogused, k\u00f5rge kvaliteet ja sinu vajadustele vastavad hinnad. Liitu meie Cash &amp; Carry\u2019ga v\u00f5i v\u00f5ta \u00fchendust e-posti teel: <strong data-start=\"557\" data-end=\"579\"><a class=\"decorated-link cursor-pointer\" rel=\"noopener\" data-start=\"559\" data-end=\"577\">biz@cbditaly.store<\/a><\/strong>.<\/p>\n<pre>\u041f\u0440\u043e\u0434\u0443\u043a\u0442 \u043d\u0435 \u0441\u043e\u0434\u0435\u0440\u0436\u0438\u0442 \u043d\u0438\u043a\u043e\u0442\u0438\u043d. \u041d\u0435 \u0440\u0435\u043a\u043e\u043c\u0435\u043d\u0434\u0443\u0435\u0442\u0441\u044f \u0434\u043b\u044f \u0438\u0441\u043f\u043e\u043b\u044c\u0437\u043e\u0432\u0430\u043d\u0438\u044f \u0431\u0435\u0440\u0435\u043c\u0435\u043d\u043d\u044b\u043c \u0438 \u043a\u043e\u0440\u043c\u044f\u0449\u0438\u043c \u0436\u0435\u043d\u0449\u0438\u043d\u0430\u043c.<\/pre>","protected":false},"excerpt":{"rendered":"<p>Booster 500 mg D9-THCV 10 ml<\/p>","protected":false},"featured_media":15950,"template":"","meta":{"_joinchat":[]},"product_brand":[],"product_cat":[468,689],"product_tag":[],"class_list":{"0":"post-12195","1":"product","2":"type-product","3":"status-publish","4":"has-post-thumbnail","6":"product_cat-diy","7":"product_cat-d9-thcv","10":"first","11":"instock","12":"purchasable","13":"product-type-simple"},"tiered_pricing_type":"fixed","tiered_pricing_fixed_rules":{"3":45,"5":40,"10":30},"tiered_pricing_product_settings":{"layout":"default","base_unit_name":{"singular":null,"plural":null},"default_variation":null},"tiered_pricing_minimum_quantity":null,"tiered_pricing_roles_data":[],"tiered_pricing_percentage_rules":[],"tiered_pricing_maximum_quantity":null,"tiered_pricing_quantity_step":null,"_links":{"self":[{"href":"https:\/\/cbditaly.ee\/ru\/wp-json\/wp\/v2\/product\/12195","targetHints":{"allow":["GET"]}}],"collection":[{"href":"https:\/\/cbditaly.ee\/ru\/wp-json\/wp\/v2\/product"}],"about":[{"href":"https:\/\/cbditaly.ee\/ru\/wp-json\/wp\/v2\/types\/product"}],"wp:featuredmedia":[{"embeddable":true,"href":"https:\/\/cbditaly.ee\/ru\/wp-json\/wp\/v2\/media\/15950"}],"wp:attachment":[{"href":"https:\/\/cbditaly.ee\/ru\/wp-json\/wp\/v2\/media?parent=12195"}],"wp:term":[{"taxonomy":"product_brand","embeddable":true,"href":"https:\/\/cbditaly.ee\/ru\/wp-json\/wp\/v2\/product_brand?post=12195"},{"taxonomy":"product_cat","embeddable":true,"href":"https:\/\/cbditaly.ee\/ru\/wp-json\/wp\/v2\/product_cat?post=12195"},{"taxonomy":"product_tag","embeddable":true,"href":"https:\/\/cbditaly.ee\/ru\/wp-json\/wp\/v2\/product_tag?post=12195"}],"curies":[{"name":"wp","href":"https:\/\/api.w.org\/{rel}","templated":true}]}}