{"id":12205,"date":"2025-02-04T01:11:19","date_gmt":"2025-02-03T23:11:19","guid":{"rendered":"https:\/\/cbditaly.ee\/?post_type=product&#038;p=12205"},"modified":"2026-03-13T01:27:02","modified_gmt":"2026-03-12T23:27:02","slug":"booster-1000mg-thcvo","status":"publish","type":"product","link":"https:\/\/cbditaly.ee\/ru\/product\/booster-1000mg-thcvo\/","title":{"rendered":"BOOSTER 1000mg THCVO 10ml"},"content":{"rendered":"<p>BOOSTER 1000mg THCVO<\/p>\n<p data-start=\"0\" data-end=\"19\">Tehniline toode:\u00a0Koostis: prop\u00fcleengl\u00fckool (PG), tetrah\u00fcdrokannabivariin-O (THCV-O) 99% (1000 mg).<\/p>\n<p data-start=\"108\" data-end=\"206\">Kasutus: ainult professionaalseks ja tehniliseks kasutamiseks. Ei\u00a0 ole m\u00f5eldud inimtarbimiseks.<\/p>\n<p data-start=\"208\" data-end=\"255\">Hoiatus: hoida lastele k\u00e4ttesaamatus kohas.<\/p>\n<p data-start=\"257\" data-end=\"331\">Vastutav ettev\u00f5tja (EL): Organic CBD Italy Kft<br data-start=\"307\" data-end=\"310\" \/>KMKR: HU2733854<\/p>\n<p data-start=\"333\" data-end=\"353\" data-is-last-node=\"\" data-is-only-node=\"\">Netokogus: 10 ml<\/p>\n<p>\u0425\u043e\u0442\u0438\u0442\u0435 \u0441\u0442\u0430\u0442\u044c \u043d\u0435\u0437\u0430\u0432\u0438\u0441\u0438\u043c\u044b\u043c \u0434\u0438\u0441\u0442\u0440\u0438\u0431\u044c\u044e\u0442\u043e\u0440\u043e\u043c \u0438\u043b\u0438 \u0444\u0440\u0430\u043d\u0447\u0430\u0439\u0437\u0438-\u043f\u0430\u0440\u0442\u043d\u0451\u0440\u043e\u043c?\n\u041d\u0438\u0437\u043a\u0438\u0435 \u043c\u0438\u043d\u0438\u043c\u0430\u043b\u044c\u043d\u044b\u0435 \u043e\u0431\u044a\u0435\u043c\u044b, \u0432\u044b\u0441\u043e\u043a\u043e\u0435 \u043a\u0430\u0447\u0435\u0441\u0442\u0432\u043e \u0438 \u0446\u0435\u043d\u044b, \u0441\u043e\u043e\u0442\u0432\u0435\u0442\u0441\u0442\u0432\u0443\u044e\u0449\u0438\u0435 \u0432\u0430\u0448\u0438\u043c \u043f\u043e\u0442\u0440\u0435\u0431\u043d\u043e\u0441\u0442\u044f\u043c!\n\u041f\u0440\u0438\u0441\u043e\u0435\u0434\u0438\u043d\u044f\u0439\u0442\u0435\u0441\u044c \u043a \u043d\u0430\u0448\u0435\u043c\u0443 Cash &amp; Carry \u0438\u043b\u0438 \u0441\u0432\u044f\u0436\u0438\u0442\u0435\u0441\u044c \u0441 \u043d\u0430\u043c\u0438 \u043f\u043e \u044d\u043b\u0435\u043a\u0442\u0440\u043e\u043d\u043d\u043e\u0439 \u043f\u043e\u0447\u0442\u0435: biz@cbditaly.store <a class=\"cursor-pointer\" rel=\"noopener\" data-start=\"203\" data-end=\"221\">biz@cbditaly.store<\/a><\/p>\n<pre>\u041f\u0440\u043e\u0434\u0443\u043a\u0442 \u043d\u0435 \u0441\u043e\u0434\u0435\u0440\u0436\u0438\u0442 \u043d\u0438\u043a\u043e\u0442\u0438\u043d. \u041d\u0435 \u0440\u0435\u043a\u043e\u043c\u0435\u043d\u0434\u0443\u0435\u0442\u0441\u044f \u0434\u043b\u044f \u0438\u0441\u043f\u043e\u043b\u044c\u0437\u043e\u0432\u0430\u043d\u0438\u044f \u0431\u0435\u0440\u0435\u043c\u0435\u043d\u043d\u044b\u043c \u0438 \u043a\u043e\u0440\u043c\u044f\u0449\u0438\u043c \u0436\u0435\u043d\u0449\u0438\u043d\u0430\u043c.<\/pre>","protected":false},"excerpt":{"rendered":"<p>BOOSTER 1000mg THCVO<\/p>","protected":false},"featured_media":15953,"template":"","meta":{"_joinchat":[]},"product_brand":[],"product_cat":[468,703],"product_tag":[],"class_list":{"0":"post-12205","1":"product","2":"type-product","3":"status-publish","4":"has-post-thumbnail","6":"product_cat-diy","7":"product_cat-thcvo","10":"first","11":"instock","12":"purchasable","13":"product-type-simple"},"tiered_pricing_type":"fixed","tiered_pricing_fixed_rules":{"3":70,"5":60,"10":50},"tiered_pricing_product_settings":{"layout":"default","base_unit_name":{"singular":null,"plural":null},"default_variation":null},"tiered_pricing_minimum_quantity":null,"tiered_pricing_roles_data":[],"tiered_pricing_percentage_rules":[],"tiered_pricing_maximum_quantity":null,"tiered_pricing_quantity_step":null,"_links":{"self":[{"href":"https:\/\/cbditaly.ee\/ru\/wp-json\/wp\/v2\/product\/12205","targetHints":{"allow":["GET"]}}],"collection":[{"href":"https:\/\/cbditaly.ee\/ru\/wp-json\/wp\/v2\/product"}],"about":[{"href":"https:\/\/cbditaly.ee\/ru\/wp-json\/wp\/v2\/types\/product"}],"wp:featuredmedia":[{"embeddable":true,"href":"https:\/\/cbditaly.ee\/ru\/wp-json\/wp\/v2\/media\/15953"}],"wp:attachment":[{"href":"https:\/\/cbditaly.ee\/ru\/wp-json\/wp\/v2\/media?parent=12205"}],"wp:term":[{"taxonomy":"product_brand","embeddable":true,"href":"https:\/\/cbditaly.ee\/ru\/wp-json\/wp\/v2\/product_brand?post=12205"},{"taxonomy":"product_cat","embeddable":true,"href":"https:\/\/cbditaly.ee\/ru\/wp-json\/wp\/v2\/product_cat?post=12205"},{"taxonomy":"product_tag","embeddable":true,"href":"https:\/\/cbditaly.ee\/ru\/wp-json\/wp\/v2\/product_tag?post=12205"}],"curies":[{"name":"wp","href":"https:\/\/api.w.org\/{rel}","templated":true}]}}