{"id":13317,"date":"2025-05-27T19:13:13","date_gmt":"2025-05-27T16:13:13","guid":{"rendered":"https:\/\/cbditaly.ee\/?post_type=product&#038;p=13317"},"modified":"2025-05-27T19:37:06","modified_gmt":"2025-05-27T16:37:06","slug":"premium-dutch-passion-joint-cbg-21-3-pakend-3g","status":"publish","type":"product","link":"https:\/\/cbditaly.ee\/ru\/product\/premium-dutch-passion-joint-cbg-21-3-pakend-3g\/","title":{"rendered":"Premium Dutch Passion Joint CBG 21% \u2013 3-pakend (3g)"},"content":{"rendered":"<div class=\"flex max-w-full flex-col flex-grow\">\n<div class=\"min-h-8 text-message flex w-full flex-col items-end gap-2 whitespace-normal break-words text-start [.text-message+&amp;]:mt-5\" dir=\"auto\" data-message-author-role=\"assistant\" data-message-id=\"e51bf9c8-c2bb-4feb-a0fa-7a4d30b55644\" data-message-model-slug=\"gpt-4o\">\n<div class=\"flex w-full flex-col gap-1 empty:hidden first:pt-[3px]\">\n<div class=\"markdown prose w-full break-words dark:prose-invert light\">\n<p data-start=\"0\" data-end=\"67\"><strong>Premium Dutch Passion Joint CBG 21% \u2013 3-pakend (3g)<\/strong><\/p>\n<p data-start=\"86\" data-end=\"611\">Koge selget ja tasakaalustatud kanepielamust meie Dutch Passion CBG joints\u2019ide 3-pakendiga. Iga hoolikalt valmistatud 1-grammine joint pakub v\u00e4rsket, taimset ja kergelt tsitruselist aroomi, mida t\u00e4iendab pehme maal\u00e4hedane alatoon. T\u00e4nu k\u00f5rgele CBG (kannabigerool) sisaldusele on see ideaalne valik keskendumise parandamiseks ja rahustava m\u00f5ju saavutamiseks, ilma ps\u00fchhoaktiivse toimega. Valmistatud kvaliteetsetest \u00f5itest ja rullitud originaalsesse king size RAW paberisse koos filtriga, et tagada parim kogemus.<\/p>\n<p data-start=\"613\" data-end=\"635\">Peamised omadused:<\/p>\n<ul data-start=\"637\" data-end=\"1186\">\n<li data-start=\"637\" data-end=\"749\">V\u00e4rske ja taimne maitseprofiil: Taimne ja kergelt tsitruseline maitse koos pehme maal\u00e4hedase alatooniga.<\/li>\n<li data-start=\"750\" data-end=\"877\">Selge ja rahustav efekt: K\u00f5rge CBG sisaldus soodustab keskendumist ja vaimset tasakaalu ilma ps\u00fchhoaktiivsete m\u00f5judeta.<\/li>\n<li data-start=\"878\" data-end=\"981\">J\u00e4rjepidev kvaliteet: Iga joint sisaldab 1 grammi hoolikalt valitud Dutch Passion CBG \u00f5isi.<\/li>\n<li data-start=\"982\" data-end=\"1085\">K\u00e4sit\u00f6\u00f6na valmistatud: Originaalne king size RAW paber ja filter tagavad autentse kogemuse.<\/li>\n<li data-start=\"1086\" data-end=\"1186\">Turvaline ja diskreetne: Pakendatud hoolikalt, et tagada maksimaalne v\u00e4rskus ja diskreetsus.<\/li>\n<\/ul>\n<p data-start=\"1188\" data-end=\"1335\">Avasta selge ja tasakaalustav kanepielamus \u2013 meie Dutch Passion CBG Joints pakuvad sulle ainulaadset l\u00f5\u00f5gastust ilma ps\u00fchhoaktiivsete m\u00f5judeta.<\/p>\n<p>CBD tellimine eestisse (Hulgim\u00fc\u00fck):\u00a0<a href=\"https:\/\/cbditaly.store\/et\/cashandcarry\/\" target=\"_blank\" rel=\"noopener\">www.cbditaly.store\u00a0<\/a><\/p>\n<p><strong>Toote Kasutus:<\/strong>\u00a0Ainult professionaalseks kasutamiseks v\u00f5i kollektsioneerimiseks. Mitte inimtarbimiseks.<br \/>\n<strong>M\u00fc\u00fcgipiirangud:<\/strong>\u00a0Ei m\u00fc\u00fcda alla 18-aastastele.<br \/>\n<strong>Hoiustamine:<\/strong>\u00a0Hoida kuivas kohas, eemal kuumuse allikatest ja lastele k\u00e4ttesaamatus kohas.<br \/>\n<strong>P\u00e4ritolumaa:<\/strong>\u00a0Itaalia.<\/p>\n<\/div>\n<\/div>\n<\/div>\n<\/div>\n","protected":false},"excerpt":{"rendered":"<p>Premium Dutch Passion Joint CBG 21% \u2013 3-pakend (3g)<\/p>","protected":false},"featured_media":12385,"template":"","meta":{"_joinchat":[]},"product_brand":[],"product_cat":[327,653,695],"product_tag":[],"class_list":{"0":"post-13317","1":"product","2":"type-product","3":"status-publish","4":"has-post-thumbnail","6":"product_cat-cbd-cbg-kanepi-oied","7":"product_cat-cbg-cbga","8":"product_cat-pre-rolls","11":"first","12":"instock","13":"sale","14":"taxable","15":"shipping-taxable","16":"purchasable","17":"product-type-simple"},"tiered_pricing_type":"fixed","tiered_pricing_fixed_rules":[],"tiered_pricing_product_settings":{"layout":"default","base_unit_name":{"singular":null,"plural":null},"default_variation":null},"tiered_pricing_minimum_quantity":null,"tiered_pricing_roles_data":[],"tiered_pricing_percentage_rules":[],"tiered_pricing_maximum_quantity":null,"tiered_pricing_quantity_step":null,"_links":{"self":[{"href":"https:\/\/cbditaly.ee\/ru\/wp-json\/wp\/v2\/product\/13317","targetHints":{"allow":["GET"]}}],"collection":[{"href":"https:\/\/cbditaly.ee\/ru\/wp-json\/wp\/v2\/product"}],"about":[{"href":"https:\/\/cbditaly.ee\/ru\/wp-json\/wp\/v2\/types\/product"}],"wp:featuredmedia":[{"embeddable":true,"href":"https:\/\/cbditaly.ee\/ru\/wp-json\/wp\/v2\/media\/12385"}],"wp:attachment":[{"href":"https:\/\/cbditaly.ee\/ru\/wp-json\/wp\/v2\/media?parent=13317"}],"wp:term":[{"taxonomy":"product_brand","embeddable":true,"href":"https:\/\/cbditaly.ee\/ru\/wp-json\/wp\/v2\/product_brand?post=13317"},{"taxonomy":"product_cat","embeddable":true,"href":"https:\/\/cbditaly.ee\/ru\/wp-json\/wp\/v2\/product_cat?post=13317"},{"taxonomy":"product_tag","embeddable":true,"href":"https:\/\/cbditaly.ee\/ru\/wp-json\/wp\/v2\/product_tag?post=13317"}],"curies":[{"name":"wp","href":"https:\/\/api.w.org\/{rel}","templated":true}]}}