{"id":13776,"date":"2025-07-16T22:19:00","date_gmt":"2025-07-16T19:19:00","guid":{"rendered":"https:\/\/cbditaly.ee\/?post_type=product&#038;p=13776"},"modified":"2026-02-10T14:09:20","modified_gmt":"2026-02-10T12:09:20","slug":"cbg-dutch-passion-x-hhcp-m-60-10g-outlet","status":"publish","type":"product","link":"https:\/\/cbditaly.ee\/ru\/product\/cbg-dutch-passion-x-hhcp-m-60-10g-outlet\/","title":{"rendered":"CBG DUTCH PASSION X HHCP-M 60% 10g *OUTLET"},"content":{"rendered":"<p data-start=\"113\" data-end=\"178\"><strong data-start=\"113\" data-end=\"147\">*OUTLET<br \/>\nCBG Dutch Passion X HHCP-M 60%<\/strong><br data-start=\"147\" data-end=\"150\" \/><strong data-start=\"150\" data-end=\"178\">THC sisaldus: alla 0,01%<\/strong><\/p>\n<p data-start=\"180\" data-end=\"516\"><strong data-start=\"180\" data-end=\"193\">\u041e\u0431\u0437\u043e\u0440:<\/strong><br data-start=\"193\" data-end=\"196\" \/>CBG Dutch Passion on esteetiliselt pehme ja loodusliku ilmega kanepisort, mis \u00fchendab k\u00f5rge CBG sisalduse ning uuendusliku HHCP-M molekuli visuaalse potentsiaali. Selle tasakaalustatud struktuur ja selge morfoloogia teevad sellest v\u00e4\u00e4rtusliku eksponaadi kollektsion\u00e4\u00e4ridele ja professionaalsetele esitluskeskkondadele.<\/p>\n<p data-start=\"518\" data-end=\"751\"><strong data-start=\"518\" data-end=\"539\">\u0410\u0440\u043e\u043c\u0430\u0442 \u0438 \u0432\u043d\u0435\u0448\u043d\u0438\u0439 \u0432\u0438\u0434:<\/strong><br data-start=\"539\" data-end=\"542\" \/>Maal\u00e4hedane ja \u00fcrdine noot koos kerge sidrunise ja v\u00fcrtsika varjundiga. Pungad on vaigused, h\u00e4rmas, hele- kuni keskmiselt rohelised ja p\u00f5imitud oran\u017eide karvadega, pakkudes visuaalselt harmoonilist tulemust.<\/p>\n<p data-start=\"753\" data-end=\"951\"><strong data-start=\"753\" data-end=\"772\">\u0425\u0430\u0440\u0430\u043a\u0442\u0435\u0440\u0438\u0441\u0442\u0438\u043a\u0438 \u0441\u043e\u0440\u0442\u0430:<\/strong><br data-start=\"772\" data-end=\"775\" \/>HHCP-M: \u0434\u043e 60%<br data-start=\"791\" data-end=\"794\" \/>\u0421\u043e\u0434\u0435\u0440\u0436\u0430\u043d\u0438\u0435 CBG: 22\u201324%<br data-start=\"814\" data-end=\"817\" \/>\u0421\u043e\u0434\u0435\u0440\u0436\u0430\u043d\u0438\u0435 THC: \u043d\u0438\u0436\u0435 \u0443\u0441\u0442\u0430\u043d\u043e\u0432\u043b\u0435\u043d\u043d\u043e\u0433\u043e \u0437\u0430\u043a\u043e\u043d\u043e\u043c \u043f\u0440\u0435\u0434\u0435\u043b\u0430 (\u043e\u0431\u044b\u0447\u043d\u043e &lt;0,01%)<br data-start=\"872\" data-end=\"875\" \/>Stabiilne taim morfoloogiliselt ja sobib professionaalseks kollektsiooniks<\/p>\n<p><strong>\u0418\u0441\u043f\u043e\u043b\u044c\u0437\u043e\u0432\u0430\u043d\u0438\u0435 \u041f\u0440\u043e\u0434\u0443\u043a\u0442\u0430:<\/strong> \u0422\u043e\u043b\u044c\u043a\u043e \u0434\u043b\u044f \u043f\u0440\u043e\u0444\u0435\u0441\u0441\u0438\u043e\u043d\u0430\u043b\u044c\u043d\u043e\u0433\u043e \u0438\u0441\u043f\u043e\u043b\u044c\u0437\u043e\u0432\u0430\u043d\u0438\u044f \u0438\u043b\u0438 \u043a\u043e\u043b\u043b\u0435\u043a\u0446\u0438\u043e\u043d\u0438\u0440\u043e\u0432\u0430\u043d\u0438\u044f. \u041d\u0435 \u0434\u043b\u044f \u0443\u043f\u043e\u0442\u0440\u0435\u0431\u043b\u0435\u043d\u0438\u044f \u0447\u0435\u043b\u043e\u0432\u0435\u043a\u043e\u043c.<br \/>\n<strong>\u041e\u0433\u0440\u0430\u043d\u0438\u0447\u0435\u043d\u0438\u044f \u043d\u0430 \u041f\u0440\u043e\u0434\u0430\u0436\u0443:<\/strong> \u041d\u0435 \u043f\u0440\u043e\u0434\u0430\u0435\u0442\u0441\u044f \u043b\u0438\u0446\u0430\u043c \u043c\u043b\u0430\u0434\u0448\u0435 18 \u043b\u0435\u0442.<br \/>\n<strong>\u0425\u0440\u0430\u043d\u0435\u043d\u0438\u0435:<\/strong> \u0425\u0440\u0430\u043d\u0438\u0442\u044c \u0432 \u0441\u0443\u0445\u043e\u043c \u043c\u0435\u0441\u0442\u0435, \u0432\u0434\u0430\u043b\u0438 \u043e\u0442 \u0438\u0441\u0442\u043e\u0447\u043d\u0438\u043a\u043e\u0432 \u0442\u0435\u043f\u043b\u0430 \u0438 \u0432 \u043d\u0435\u0434\u043e\u0441\u0442\u0443\u043f\u043d\u043e\u043c \u0434\u043b\u044f \u0434\u0435\u0442\u0435\u0439 \u043c\u0435\u0441\u0442\u0435.<br \/>\n<strong>\u0421\u0442\u0440\u0430\u043d\u0430 \u041f\u0440\u043e\u0438\u0441\u0445\u043e\u0436\u0434\u0435\u043d\u0438\u044f:<\/strong> \u0418\u0442\u0430\u043b\u0438\u044f.<\/p>\n<p><strong>\u0425\u043e\u0442\u0438\u0442\u0435 \u0441\u0442\u0430\u0442\u044c \u043d\u0435\u0437\u0430\u0432\u0438\u0441\u0438\u043c\u044b\u043c \u0434\u0438\u0441\u0442\u0440\u0438\u0431\u044c\u044e\u0442\u043e\u0440\u043e\u043c \u0438\u043b\u0438 \u0444\u0440\u0430\u043d\u0447\u0430\u0439\u0437\u0438-\u043f\u0430\u0440\u0442\u043d\u0451\u0440\u043e\u043c?\n\u041d\u0438\u0437\u043a\u0438\u0435 \u043c\u0438\u043d\u0438\u043c\u0430\u043b\u044c\u043d\u044b\u0435 \u043e\u0431\u044a\u0435\u043c\u044b, \u0432\u044b\u0441\u043e\u043a\u043e\u0435 \u043a\u0430\u0447\u0435\u0441\u0442\u0432\u043e \u0438 \u0446\u0435\u043d\u044b, \u0441\u043e\u043e\u0442\u0432\u0435\u0442\u0441\u0442\u0432\u0443\u044e\u0449\u0438\u0435 \u0432\u0430\u0448\u0438\u043c \u043f\u043e\u0442\u0440\u0435\u0431\u043d\u043e\u0441\u0442\u044f\u043c!\n\u041f\u0440\u0438\u0441\u043e\u0435\u0434\u0438\u043d\u044f\u0439\u0442\u0435\u0441\u044c \u043a \u043d\u0430\u0448\u0435\u043c\u0443 Cash &amp; Carry \u0438\u043b\u0438 \u0441\u0432\u044f\u0436\u0438\u0442\u0435\u0441\u044c \u0441 \u043d\u0430\u043c\u0438 \u043f\u043e \u044d\u043b\u0435\u043a\u0442\u0440\u043e\u043d\u043d\u043e\u0439 \u043f\u043e\u0447\u0442\u0435: biz@cbditaly.store <a class=\"cursor-pointer\" rel=\"noopener\" data-start=\"203\" data-end=\"221\">biz@cbditaly.store<\/a><\/strong><\/p>","protected":false},"excerpt":{"rendered":"<p>CBG DUTCH PASSION X HHCP-M 60% 10g *OUTLET<br \/>\n\u0414\u043e\u0441\u0442\u0443\u043f\u0435\u043d \u0432 \u0443\u043f\u0430\u043a\u043e\u0432\u043a\u0430\u0445: 2\u0433-3\u0433-5\u0433-10\u0433-20\u0433-50\u0433-100\u0433.<\/p>","protected":false},"featured_media":15204,"template":"","meta":{"_joinchat":[]},"product_brand":[],"product_cat":[623],"product_tag":[],"class_list":{"0":"post-13776","1":"product","2":"type-product","3":"status-publish","4":"has-post-thumbnail","6":"product_cat-w33d-outlet","9":"first","10":"outofstock","11":"purchasable","12":"product-type-simple"},"tiered_pricing_type":"fixed","tiered_pricing_fixed_rules":[],"tiered_pricing_product_settings":{"layout":"default","base_unit_name":{"singular":null,"plural":null},"default_variation":null},"tiered_pricing_minimum_quantity":null,"tiered_pricing_roles_data":[],"tiered_pricing_percentage_rules":[],"tiered_pricing_maximum_quantity":null,"tiered_pricing_quantity_step":null,"_links":{"self":[{"href":"https:\/\/cbditaly.ee\/ru\/wp-json\/wp\/v2\/product\/13776","targetHints":{"allow":["GET"]}}],"collection":[{"href":"https:\/\/cbditaly.ee\/ru\/wp-json\/wp\/v2\/product"}],"about":[{"href":"https:\/\/cbditaly.ee\/ru\/wp-json\/wp\/v2\/types\/product"}],"wp:featuredmedia":[{"embeddable":true,"href":"https:\/\/cbditaly.ee\/ru\/wp-json\/wp\/v2\/media\/15204"}],"wp:attachment":[{"href":"https:\/\/cbditaly.ee\/ru\/wp-json\/wp\/v2\/media?parent=13776"}],"wp:term":[{"taxonomy":"product_brand","embeddable":true,"href":"https:\/\/cbditaly.ee\/ru\/wp-json\/wp\/v2\/product_brand?post=13776"},{"taxonomy":"product_cat","embeddable":true,"href":"https:\/\/cbditaly.ee\/ru\/wp-json\/wp\/v2\/product_cat?post=13776"},{"taxonomy":"product_tag","embeddable":true,"href":"https:\/\/cbditaly.ee\/ru\/wp-json\/wp\/v2\/product_tag?post=13776"}],"curies":[{"name":"wp","href":"https:\/\/api.w.org\/{rel}","templated":true}]}}