{"id":14866,"date":"2025-11-06T17:19:22","date_gmt":"2025-11-06T15:19:22","guid":{"rendered":"https:\/\/cbditaly.ee\/?post_type=product&#038;p=14866"},"modified":"2026-02-10T13:48:22","modified_gmt":"2026-02-10T11:48:22","slug":"premium-swiss-cheese-joint-x-hhcp-m-60-3-pakend-3g","status":"publish","type":"product","link":"https:\/\/cbditaly.ee\/ru\/product\/premium-swiss-cheese-joint-x-hhcp-m-60-3-pakend-3g\/","title":{"rendered":"Premium Swiss Cheese Joint X HHCP-M 60% \u2013 10-pakend (10g) *OUTLET"},"content":{"rendered":"<div class=\"flex max-w-full flex-col flex-grow\">\n<div class=\"min-h-8 text-message flex w-full flex-col items-end gap-2 whitespace-normal break-words text-start [.text-message+&amp;]:mt-5\" dir=\"auto\" data-message-author-role=\"assistant\" data-message-id=\"e51bf9c8-c2bb-4feb-a0fa-7a4d30b55644\" data-message-model-slug=\"gpt-4o\">\n<div class=\"flex w-full flex-col gap-1 empty:hidden first:pt-[3px]\">\n<div class=\"markdown prose w-full break-words dark:prose-invert light\">\n<p data-start=\"0\" data-end=\"67\">Premium Swiss Cheese Joint X HHCP-M 60% \u2013 10-pakend (10g)<\/p>\n<p data-start=\"81\" data-end=\"496\">Naudi rikkalikku kanepielamust meie 3-pakendiga Swiss Cheese joints\u2019idega. Iga hoolikalt valmistatud 1-grammine joint pakub pehmet, kreemjat ja juustust aroomi, mis on t\u00e4iendatud kerge v\u00fcrtsikusega. See on ideaalne valik l\u00f5\u00f5gastumiseks ja meeldivaks \u00f5htuseks nautimiseks. Valmistatud eksklusiivsest kanepisordist ja rullitud originaalsesse king size RAW paberisse koos filtriga \u2013 tagades parima kvaliteedi.<\/p>\n<p data-start=\"63\" data-end=\"122\">Swiss Cheese x HHCP-M 60%<br data-start=\"92\" data-end=\"95\" \/>THC sisaldus: alla 0,3%<\/p>\n<p data-start=\"124\" data-end=\"520\">\u00dclevaade:<br data-start=\"137\" data-end=\"140\" \/>Swiss Cheese on kollektsion\u00e4\u00e4ride seas hinnatud kanepisort, mille aroomi iseloomustab tugev ja eriline juustune noot. Selle eriversioon on rikastatud uuendusliku HHCP-M molekuliga \u2013 j\u00e4rgmise p\u00f5lvkonna kannabinoidiga, mis esindab teadusliku arengu tippu kanepimaailmas. Kompaktne ja visuaalselt atraktiivne struktuur muudab selle ideaalseks professionaalseteks kollektsioonideks.<\/p>\n<p data-start=\"522\" data-end=\"711\">Aroom ja v\u00e4limus:<br data-start=\"543\" data-end=\"546\" \/>Juustune ja maal\u00e4hedane l\u00f5hn, milles on kreemjas alatoon. Pungad on tihedad, vaigused ja erkrohelised, p\u00f5imunud oran\u017eide karvadega, pakkudes pilkup\u00fc\u00fcdvat v\u00e4limust.<\/p>\n<p data-start=\"713\" data-end=\"861\">Sordi omadused:<br data-start=\"732\" data-end=\"735\" \/>HHCP-M: kuni 60%<br data-start=\"751\" data-end=\"754\" \/>THC sisaldus: alla seadusliku piiri (tavaliselt &lt;0,3%)<br data-start=\"808\" data-end=\"811\" \/>Visuaalselt stabiilne ja atraktiivne morfoloogia<\/p>\n<p>Toote Kasutus:\u00a0Ainult professionaalseks kasutamiseks v\u00f5i kollektsioneerimiseks. Mitte inimtarbimiseks.<br \/>\nM\u00fc\u00fcgipiirangud:\u00a0Ei m\u00fc\u00fcda alla 18-aastastele.<br \/>\nHoiustamine:\u00a0Hoida kuivas kohas, eemal kuumuse allikatest ja lastele k\u00e4ttesaamatus kohas.<br \/>\nP\u00e4ritolumaa:\u00a0Itaalia.<\/p>\n<p>Soovid saada iseseisvaks edasim\u00fc\u00fcjaks v\u00f5i frantsiisipartneriks? Madalad miinimumkogused, k\u00f5rge kvaliteet ja sinu vajadustele vastavad hinnad! Liitu meie Cash &amp; Carry\u2019ga v\u00f5i v\u00f5ta \u00fchendust e-posti teel:\u00a0<a class=\"cursor-pointer\" rel=\"noopener\" data-start=\"203\" data-end=\"221\">biz@cbditaly.store<\/a><\/p>\n<\/div>\n<\/div>\n<\/div>\n<\/div>\n","protected":false},"excerpt":{"rendered":"<p>Premium Swiss Cheese Joint HHCP-M 60% \u2013 10-pakend (10g)<\/p>","protected":false},"featured_media":14867,"template":"","meta":{"_joinchat":[]},"product_brand":[],"product_cat":[623],"product_tag":[],"class_list":{"0":"post-14866","1":"product","2":"type-product","3":"status-publish","4":"has-post-thumbnail","6":"product_cat-w33d-outlet","9":"first","10":"instock","11":"taxable","12":"shipping-taxable","13":"purchasable","14":"product-type-simple"},"tiered_pricing_type":"fixed","tiered_pricing_fixed_rules":[],"tiered_pricing_product_settings":{"layout":"default","base_unit_name":{"singular":null,"plural":null},"default_variation":null},"tiered_pricing_minimum_quantity":null,"tiered_pricing_roles_data":[],"tiered_pricing_percentage_rules":[],"tiered_pricing_maximum_quantity":null,"tiered_pricing_quantity_step":null,"_links":{"self":[{"href":"https:\/\/cbditaly.ee\/ru\/wp-json\/wp\/v2\/product\/14866","targetHints":{"allow":["GET"]}}],"collection":[{"href":"https:\/\/cbditaly.ee\/ru\/wp-json\/wp\/v2\/product"}],"about":[{"href":"https:\/\/cbditaly.ee\/ru\/wp-json\/wp\/v2\/types\/product"}],"wp:featuredmedia":[{"embeddable":true,"href":"https:\/\/cbditaly.ee\/ru\/wp-json\/wp\/v2\/media\/14867"}],"wp:attachment":[{"href":"https:\/\/cbditaly.ee\/ru\/wp-json\/wp\/v2\/media?parent=14866"}],"wp:term":[{"taxonomy":"product_brand","embeddable":true,"href":"https:\/\/cbditaly.ee\/ru\/wp-json\/wp\/v2\/product_brand?post=14866"},{"taxonomy":"product_cat","embeddable":true,"href":"https:\/\/cbditaly.ee\/ru\/wp-json\/wp\/v2\/product_cat?post=14866"},{"taxonomy":"product_tag","embeddable":true,"href":"https:\/\/cbditaly.ee\/ru\/wp-json\/wp\/v2\/product_tag?post=14866"}],"curies":[{"name":"wp","href":"https:\/\/api.w.org\/{rel}","templated":true}]}}