{"id":15060,"date":"2025-11-28T12:27:25","date_gmt":"2025-11-28T10:27:25","guid":{"rendered":"https:\/\/cbditaly.ee\/?post_type=product&#038;p=15060"},"modified":"2026-02-09T16:14:02","modified_gmt":"2026-02-09T14:14:02","slug":"swiss-cheese-joint-x-hhcp-m-60-6g-raw-6-joints-tin-box","status":"publish","type":"product","link":"https:\/\/cbditaly.ee\/ru\/product\/swiss-cheese-joint-x-hhcp-m-60-6g-raw-6-joints-tin-box\/","title":{"rendered":"Swiss Cheese Joint X HHCP-M 60% (6g) RAW 6 JOINTS TIN BOX *OUTLET"},"content":{"rendered":"<div class=\"flex max-w-full flex-col flex-grow\">\n<div class=\"min-h-8 text-message flex w-full flex-col items-end gap-2 whitespace-normal break-words text-start [.text-message+&amp;]:mt-5\" dir=\"auto\" data-message-author-role=\"assistant\" data-message-id=\"e51bf9c8-c2bb-4feb-a0fa-7a4d30b55644\" data-message-model-slug=\"gpt-4o\">\n<div class=\"flex w-full flex-col gap-1 empty:hidden first:pt-[3px]\">\n<div class=\"markdown prose w-full break-words dark:prose-invert light\">\n<p data-start=\"0\" data-end=\"67\">Premium Swiss Cheese Joint X HHCP-M 60% (6g) RAW 6 JOINTS TIN BOX *OUTLET<\/p>\n<p data-start=\"81\" data-end=\"496\">Naudi rikkalikku kanepielamust meie 3-pakendiga Swiss Cheese joints\u2019idega. Iga hoolikalt valmistatud 1-grammine joint pakub pehmet, kreemjat ja juustust aroomi, mis on t\u00e4iendatud kerge v\u00fcrtsikusega. See on ideaalne valik l\u00f5\u00f5gastumiseks ja meeldivaks \u00f5htuseks nautimiseks. Valmistatud eksklusiivsest kanepisordist ja rullitud originaalsesse king size <strong data-start=\"436\" data-end=\"443\">RAW<\/strong> paberisse koos filtriga \u2013 tagades parima kvaliteedi.<\/p>\n<p data-start=\"63\" data-end=\"122\"><strong data-start=\"63\" data-end=\"92\">Swiss Cheese X HHCP-M 60%<\/strong><br data-start=\"92\" data-end=\"95\" \/><strong data-start=\"95\" data-end=\"122\">THC sisaldus: alla 0,3%<\/strong><\/p>\n<p data-start=\"124\" data-end=\"520\"><strong data-start=\"124\" data-end=\"137\">\u00dclevaade:<\/strong><br data-start=\"137\" data-end=\"140\" \/>Swiss Cheese on kollektsion\u00e4\u00e4ride seas hinnatud kanepisort, mille aroomi iseloomustab tugev ja eriline juustune noot. Selle eriversioon on rikastatud uuendusliku HHCP-M molekuliga \u2013 j\u00e4rgmise p\u00f5lvkonna kannabinoidiga, mis esindab teadusliku arengu tippu kanepimaailmas. Kompaktne ja visuaalselt atraktiivne struktuur muudab selle ideaalseks professionaalseteks kollektsioonideks.<\/p>\n<p data-start=\"522\" data-end=\"711\"><strong data-start=\"522\" data-end=\"543\">Aroom ja v\u00e4limus:<\/strong><br data-start=\"543\" data-end=\"546\" \/>Juustune ja maal\u00e4hedane l\u00f5hn, milles on kreemjas alatoon. Pungad on tihedad, vaigused ja erkrohelised, p\u00f5imunud oran\u017eide karvadega, pakkudes pilkup\u00fc\u00fcdvat v\u00e4limust.<\/p>\n<p data-start=\"713\" data-end=\"861\"><strong data-start=\"713\" data-end=\"732\">Sordi omadused:<\/strong><br data-start=\"732\" data-end=\"735\" \/>HHCP-M: kuni 60%<br data-start=\"751\" data-end=\"754\" \/>THC sisaldus: alla seadusliku piiri (tavaliselt &lt;0,3%)<br data-start=\"808\" data-end=\"811\" \/>Visuaalselt stabiilne ja atraktiivne morfoloogia<\/p>\n<p><strong>Toote Kasutus:<\/strong>\u00a0Ainult professionaalseks kasutamiseks v\u00f5i kollektsioneerimiseks. Mitte inimtarbimiseks.<br \/>\n<strong>M\u00fc\u00fcgipiirangud:<\/strong>\u00a0Ei m\u00fc\u00fcda alla 18-aastastele.<br \/>\n<strong>Hoiustamine:<\/strong>\u00a0Hoida kuivas kohas, eemal kuumuse allikatest ja lastele k\u00e4ttesaamatus kohas.<br \/>\n<strong>P\u00e4ritolumaa:<\/strong>\u00a0Itaalia.<\/p>\n<p><strong>Soovid saada iseseisvaks edasim\u00fc\u00fcjaks v\u00f5i frantsiisipartneriks? Madalad miinimumkogused, k\u00f5rge kvaliteet ja sinu vajadustele vastavad hinnad! Liitu meie Cash &amp; Carry\u2019ga v\u00f5i v\u00f5ta \u00fchendust e-posti teel:\u00a0<a class=\"cursor-pointer\" rel=\"noopener\" data-start=\"203\" data-end=\"221\">biz@cbditaly.store<\/a><\/strong><\/p>\n<\/div>\n<\/div>\n<\/div>\n<\/div>\n","protected":false},"excerpt":{"rendered":"<p>Premium Swiss Cheese Joint X HHCP-M 60% (6g) RAW 6 *OUTLET JOINTS TIN BOX<\/p>","protected":false},"featured_media":15063,"template":"","meta":{"_joinchat":[]},"product_brand":[],"product_cat":[702,695,623],"product_tag":[],"class_list":{"0":"post-15060","1":"product","2":"type-product","3":"status-publish","4":"has-post-thumbnail","6":"product_cat-kingituseideed","7":"product_cat-pre-rolls","8":"product_cat-w33d-outlet","11":"first","12":"instock","13":"sale","14":"taxable","15":"shipping-taxable","16":"purchasable","17":"product-type-simple"},"tiered_pricing_type":"fixed","tiered_pricing_fixed_rules":[],"tiered_pricing_product_settings":{"layout":"default","base_unit_name":{"singular":null,"plural":null},"default_variation":null},"tiered_pricing_minimum_quantity":null,"tiered_pricing_roles_data":[],"tiered_pricing_percentage_rules":[],"tiered_pricing_maximum_quantity":null,"tiered_pricing_quantity_step":null,"_links":{"self":[{"href":"https:\/\/cbditaly.ee\/ru\/wp-json\/wp\/v2\/product\/15060","targetHints":{"allow":["GET"]}}],"collection":[{"href":"https:\/\/cbditaly.ee\/ru\/wp-json\/wp\/v2\/product"}],"about":[{"href":"https:\/\/cbditaly.ee\/ru\/wp-json\/wp\/v2\/types\/product"}],"wp:featuredmedia":[{"embeddable":true,"href":"https:\/\/cbditaly.ee\/ru\/wp-json\/wp\/v2\/media\/15063"}],"wp:attachment":[{"href":"https:\/\/cbditaly.ee\/ru\/wp-json\/wp\/v2\/media?parent=15060"}],"wp:term":[{"taxonomy":"product_brand","embeddable":true,"href":"https:\/\/cbditaly.ee\/ru\/wp-json\/wp\/v2\/product_brand?post=15060"},{"taxonomy":"product_cat","embeddable":true,"href":"https:\/\/cbditaly.ee\/ru\/wp-json\/wp\/v2\/product_cat?post=15060"},{"taxonomy":"product_tag","embeddable":true,"href":"https:\/\/cbditaly.ee\/ru\/wp-json\/wp\/v2\/product_tag?post=15060"}],"curies":[{"name":"wp","href":"https:\/\/api.w.org\/{rel}","templated":true}]}}