{"id":15065,"date":"2025-11-28T12:37:13","date_gmt":"2025-11-28T10:37:13","guid":{"rendered":"https:\/\/cbditaly.ee\/?post_type=product&#038;p=15065"},"modified":"2026-01-04T17:15:02","modified_gmt":"2026-01-04T15:15:02","slug":"amnesia-joint-x-thcv-40-6g-raw-6-joints-tin-box","status":"publish","type":"product","link":"https:\/\/cbditaly.ee\/ru\/product\/amnesia-joint-x-thcv-40-6g-raw-6-joints-tin-box\/","title":{"rendered":"Amnesia Joint X THCV 40% (6g) RAW 6 JOINTS TIN BOX"},"content":{"rendered":"<div class=\"flex max-w-full flex-col flex-grow\">\n<div class=\"min-h-8 text-message flex w-full flex-col items-end gap-2 whitespace-normal break-words text-start [.text-message+&amp;]:mt-5\" dir=\"auto\" data-message-author-role=\"assistant\" data-message-id=\"e51bf9c8-c2bb-4feb-a0fa-7a4d30b55644\" data-message-model-slug=\"gpt-4o\">\n<div class=\"flex w-full flex-col gap-1 empty:hidden first:pt-[3px]\">\n<div class=\"markdown prose w-full break-words dark:prose-invert light\">\n<p data-start=\"178\" data-end=\"242\">Premium Amnesia Joint X THCV 40% (6g)<br data-start=\"217\" data-end=\"220\" \/>RAW 6 JOINTS TIN BOX<\/p>\n<p data-start=\"244\" data-end=\"679\">Naudi k\u00f5rgetasemelist kanepikollektsiooni meie 3-pakendiga Amnesia joints\u2019idega. Iga hoolikalt valmistatud 1-grammine joint on loodud professionaalsetele kogujaile, pakkudes tuntud Amnesia sordi teravat ja tsitruselist aroomiprofiili, milles peitub \u00f5rn \u00fcrdine s\u00fcgavus. Valmistatud eksklusiivsest kanepimaterjalist ja rullitud originaalsesse king size RAW paberisse koos filtriga \u2014 tagades esteetiliselt \u00fchtlase ja kvaliteetse tulemuse.<\/p>\n<p data-start=\"681\" data-end=\"733\">Amnesia X THCV 40%<br data-start=\"703\" data-end=\"706\" \/>THC sisaldus: alla 0,3%<\/p>\n<p data-start=\"735\" data-end=\"1174\">\u00dclevaade:<br data-start=\"748\" data-end=\"751\" \/>Amnesia on rahvusvaheliselt hinnatud kanepisort, mis on populaarne oma intensiivse agrumise ja terava aroomi poolest. Selle eriversioon on rikastatud kaasaegse THCV-molekuliga \u2014 uuendusliku kannabinoidiga, mida hinnatakse professionaalsete kollektsion\u00e4\u00e4ride seas selle harulduse ja tehnoloogilise tausta t\u00f5ttu. Visuaalselt kompaktne ja \u00fclest\u00e4pne struktuur muudab selle ideaaliks professionaalsetesse kollektsioonidesse.<\/p>\n<p data-start=\"1176\" data-end=\"1417\">Aroom ja v\u00e4limus:<br data-start=\"1197\" data-end=\"1200\" \/>Tugev tsitruseline ja kergelt v\u00fcrtsikas l\u00f5hnakombinatsioon, millele lisandub \u00f5rn m\u00e4nniaroom. Pungad on tihedad, vaigused ja helerohelised, kaunistatud oran\u017eide karvakestega, pakkudes visuaalselt pilkup\u00fc\u00fcdvat v\u00e4limust.<\/p>\n<p data-start=\"1419\" data-end=\"1563\">Sordi omadused:<br data-start=\"1438\" data-end=\"1441\" \/>\u2022 THCV: kuni 40%<br data-start=\"1457\" data-end=\"1460\" \/>\u2022 THC sisaldus: alla seadusliku piiri (&lt;0,3%)<br data-start=\"1505\" data-end=\"1508\" \/>\u2022 Atraktiivne, stabiilne ja professionaalne morfoloogia<\/p>\n<p data-start=\"1565\" data-end=\"1846\">Toote kasutus: Ainult professionaalseks kasutamiseks v\u00f5i kollektsioneerimiseks. Mitte inimtarbimiseks.<br data-start=\"1671\" data-end=\"1674\" \/>M\u00fc\u00fcgipiirangud: Ei m\u00fc\u00fcda alla 18-aastastele.<br data-start=\"1722\" data-end=\"1725\" \/>Hoiustamine: Hoida kuivas kohas, eemal kuumuse allikatest ja lastele k\u00e4ttesaamatus kohas.<br data-start=\"1818\" data-end=\"1821\" \/>P\u00e4ritolumaa: Itaalia.<\/p>\n<p data-start=\"1848\" data-end=\"2043\">Soovid saada edasim\u00fc\u00fcjaks v\u00f5i frantsiisipartneriks?<br data-start=\"1903\" data-end=\"1906\" \/>Madalad miinimumkogused, k\u00f5rge kvaliteet ja paindlik hinnastamine!<br data-start=\"1972\" data-end=\"1975\" \/>Liitu meie Cash &amp; Carry\u2019ga v\u00f5i v\u00f5ta \u00fchendust: <a class=\"decorated-link cursor-pointer\" rel=\"noopener\" data-start=\"2023\" data-end=\"2041\">biz@cbditaly.store<\/a><\/p>\n<\/div>\n<\/div>\n<\/div>\n<\/div>\n","protected":false},"excerpt":{"rendered":"<p>Amnesia Joint X THCV 40% (6g) RAW 6 JOINTS TIN BOX<\/p>","protected":false},"featured_media":15063,"template":"","meta":{"_joinchat":[]},"product_brand":[],"product_cat":[327,702,704,695,689],"product_tag":[],"class_list":{"0":"post-15065","1":"product","2":"type-product","3":"status-publish","4":"has-post-thumbnail","6":"product_cat-cbd-cbg-kanepi-oied","7":"product_cat-kingituseideed","8":"product_cat-new","9":"product_cat-pre-rolls","10":"product_cat-d9-thcv","13":"first","14":"instock","15":"sale","16":"taxable","17":"shipping-taxable","18":"purchasable","19":"product-type-simple"},"tiered_pricing_type":"fixed","tiered_pricing_fixed_rules":[],"tiered_pricing_product_settings":{"layout":"default","base_unit_name":{"singular":null,"plural":null},"default_variation":null},"tiered_pricing_minimum_quantity":null,"tiered_pricing_roles_data":[],"tiered_pricing_percentage_rules":[],"tiered_pricing_maximum_quantity":null,"tiered_pricing_quantity_step":null,"_links":{"self":[{"href":"https:\/\/cbditaly.ee\/ru\/wp-json\/wp\/v2\/product\/15065","targetHints":{"allow":["GET"]}}],"collection":[{"href":"https:\/\/cbditaly.ee\/ru\/wp-json\/wp\/v2\/product"}],"about":[{"href":"https:\/\/cbditaly.ee\/ru\/wp-json\/wp\/v2\/types\/product"}],"wp:featuredmedia":[{"embeddable":true,"href":"https:\/\/cbditaly.ee\/ru\/wp-json\/wp\/v2\/media\/15063"}],"wp:attachment":[{"href":"https:\/\/cbditaly.ee\/ru\/wp-json\/wp\/v2\/media?parent=15065"}],"wp:term":[{"taxonomy":"product_brand","embeddable":true,"href":"https:\/\/cbditaly.ee\/ru\/wp-json\/wp\/v2\/product_brand?post=15065"},{"taxonomy":"product_cat","embeddable":true,"href":"https:\/\/cbditaly.ee\/ru\/wp-json\/wp\/v2\/product_cat?post=15065"},{"taxonomy":"product_tag","embeddable":true,"href":"https:\/\/cbditaly.ee\/ru\/wp-json\/wp\/v2\/product_tag?post=15065"}],"curies":[{"name":"wp","href":"https:\/\/api.w.org\/{rel}","templated":true}]}}