{"id":15170,"date":"2025-12-11T01:57:53","date_gmt":"2025-12-10T23:57:53","guid":{"rendered":"https:\/\/cbditaly.ee\/?post_type=product&#038;p=15170"},"modified":"2026-04-05T15:35:05","modified_gmt":"2026-04-05T12:35:05","slug":"xxl-apricot-joint-x-thcvo-60-3-pakend-4g","status":"publish","type":"product","link":"https:\/\/cbditaly.ee\/ru\/product\/xxl-apricot-joint-x-thcvo-60-3-pakend-4g\/","title":{"rendered":"XXL Apricot Joint X THCVO 60% \u2013 3-pakend (4g)"},"content":{"rendered":"<div class=\"flex max-w-full flex-col flex-grow\">\n<div class=\"min-h-8 text-message flex w-full flex-col items-end gap-2 whitespace-normal break-words text-start [.text-message+&amp;]:mt-5\" dir=\"auto\" data-message-author-role=\"assistant\" data-message-id=\"e51bf9c8-c2bb-4feb-a0fa-7a4d30b55644\" data-message-model-slug=\"gpt-4o\">\n<div class=\"flex w-full flex-col gap-1 empty:hidden first:pt-[3px]\">\n<div class=\"markdown prose w-full break-words dark:prose-invert light\">\n<p data-start=\"122\" data-end=\"175\">XXL Joint x THCVO 60% \u2013 3-pakend (4g)<\/p>\n<p data-start=\"177\" data-end=\"564\">Koge eksklusiivset kollektsioonitasemel kvaliteeti meie Apricot joints\u2019ide 3-pakendis. Iga hoolikalt valmistatud 1,33-grammine joint on esteetiliselt viimistletud ja pakub pehmet, puuviljast ning aprikoosilaadset aroomi. Valmistatud ainult parimatest pungadest ja rullitud originaalsesse King Size RAW paberisse koos filtriga \u2013 garanteerides esmaklassilise viimistluse ja visuaalse \u00fchtluse.<\/p>\n<p data-start=\"566\" data-end=\"615\">Apricot x THCVO 60%<br data-start=\"587\" data-end=\"590\" \/>THC sisaldus: alla 0,3%<\/p>\n<p data-start=\"617\" data-end=\"1003\">\u00dclevaade:<br data-start=\"630\" data-end=\"633\" \/>Apricot on visuaalselt silmapaistev kanepisort, mida hinnatakse selle harmoonilise struktuuri ja puuviljase aroomiprofiili t\u00f5ttu. Selle eriversioon on rikastatud THCVO 60% sisaldusega, mis lisab sordile tehnoloogilise ja teadusliku erip\u00e4ra. Tegemist on premium-kategooria kollektsioneerimistootega, mis sobib suurep\u00e4raselt professionaalsetesse esitluskeskkondadesse.<\/p>\n<p data-start=\"1005\" data-end=\"1289\">V\u00e4limus ja aroom:<br data-start=\"1026\" data-end=\"1029\" \/>\u00d5ied on tihedad, vaigused ja kaetud rikkaliku kristalse h\u00e4rmatisega. V\u00e4rvigamma sisaldab erkrohelisi ja kollakasoran\u017ee toone, mida r\u00f5hutavad oran\u017eid karvad. Aroomis domineerivad pehmed, puuviljased ja aprikoosilaadsed noodid, mis on omased Apricot geneetikale.<\/p>\n<p data-start=\"1291\" data-end=\"1461\">Koostis ja omadused:<br data-start=\"1315\" data-end=\"1318\" \/>THCVO: kuni 60%<br data-start=\"1337\" data-end=\"1340\" \/>CBD: loomulik taimne sisaldus<br data-start=\"1369\" data-end=\"1372\" \/>THC sisaldus: alla &lt;0,3%<br data-start=\"1396\" data-end=\"1399\" \/>Stabiilne morfoloogia ja visuaalselt v\u00e4ga atraktiivne v\u00e4limus.<\/p>\n<p data-start=\"1463\" data-end=\"1611\">P\u00e4ritolu ja tootmine:<br data-start=\"1488\" data-end=\"1491\" \/>Tooted on k\u00e4sitsi valitud ning hoolikalt kontrollitud, et tagada \u00fchtlane visuaalne kvaliteet.<br data-start=\"1584\" data-end=\"1587\" \/>P\u00e4ritolumaa: Itaalia<\/p>\n<p data-start=\"1613\" data-end=\"1901\">Kasutus ja piirangud:<br data-start=\"1638\" data-end=\"1641\" \/>Toote kasutus: Ainult professionaalseks kasutamiseks v\u00f5i kollektsioneerimiseks. Mitte inimtarbimiseks.<br data-start=\"1747\" data-end=\"1750\" \/>M\u00fc\u00fcgipiirangud: Ei m\u00fc\u00fcda alla 18-aastastele.<br data-start=\"1798\" data-end=\"1801\" \/>Hoiustamine: Hoida kuivas ja jahedas kohas, eemal otsesest kuumusest ja lastele k\u00e4ttesaamatus kohas.<\/p>\n<p data-start=\"1903\" data-end=\"2090\">Hulgim\u00fc\u00fck ja partnerlus:<br data-start=\"1931\" data-end=\"1934\" \/>Kas soovid saada iseseisvaks edasim\u00fc\u00fcjaks v\u00f5i frantsiisipartneriks?<br data-start=\"2001\" data-end=\"2004\" \/>Pakume madalaid miinimumkoguseid, professionaalset kvaliteeti ja paindlikke tingimusi.<\/p>\n<p data-start=\"2092\" data-end=\"2154\">Liitu meie Cash &amp; Carry\u2019ga v\u00f5i kirjuta: <a class=\"decorated-link cursor-pointer\" rel=\"noopener\" data-start=\"2134\" data-end=\"2152\">biz@cbditaly.store<\/a><\/p>\n<\/div>\n<\/div>\n<\/div>\n<\/div>\n","protected":false},"excerpt":{"rendered":"<p>XXL Apricot Joint THCVO 60% \u2013 3-pakend (4g)<\/p>","protected":false},"featured_media":16019,"template":"","meta":{"_joinchat":[]},"product_brand":[],"product_cat":[327,704,695,703],"product_tag":[],"class_list":{"0":"post-15170","1":"product","2":"type-product","3":"status-publish","4":"has-post-thumbnail","6":"product_cat-cbd-cbg-kanepi-oied","7":"product_cat-new","8":"product_cat-pre-rolls","9":"product_cat-thcvo","12":"first","13":"instock","14":"taxable","15":"shipping-taxable","16":"purchasable","17":"product-type-simple"},"tiered_pricing_type":"fixed","tiered_pricing_fixed_rules":[],"tiered_pricing_product_settings":{"layout":"default","base_unit_name":{"singular":null,"plural":null},"default_variation":null},"tiered_pricing_minimum_quantity":null,"tiered_pricing_roles_data":[],"tiered_pricing_percentage_rules":[],"tiered_pricing_maximum_quantity":null,"tiered_pricing_quantity_step":null,"_links":{"self":[{"href":"https:\/\/cbditaly.ee\/ru\/wp-json\/wp\/v2\/product\/15170","targetHints":{"allow":["GET"]}}],"collection":[{"href":"https:\/\/cbditaly.ee\/ru\/wp-json\/wp\/v2\/product"}],"about":[{"href":"https:\/\/cbditaly.ee\/ru\/wp-json\/wp\/v2\/types\/product"}],"wp:featuredmedia":[{"embeddable":true,"href":"https:\/\/cbditaly.ee\/ru\/wp-json\/wp\/v2\/media\/16019"}],"wp:attachment":[{"href":"https:\/\/cbditaly.ee\/ru\/wp-json\/wp\/v2\/media?parent=15170"}],"wp:term":[{"taxonomy":"product_brand","embeddable":true,"href":"https:\/\/cbditaly.ee\/ru\/wp-json\/wp\/v2\/product_brand?post=15170"},{"taxonomy":"product_cat","embeddable":true,"href":"https:\/\/cbditaly.ee\/ru\/wp-json\/wp\/v2\/product_cat?post=15170"},{"taxonomy":"product_tag","embeddable":true,"href":"https:\/\/cbditaly.ee\/ru\/wp-json\/wp\/v2\/product_tag?post=15170"}],"curies":[{"name":"wp","href":"https:\/\/api.w.org\/{rel}","templated":true}]}}