{"id":15755,"date":"2026-02-11T12:35:46","date_gmt":"2026-02-11T10:35:46","guid":{"rendered":"https:\/\/cbditaly.ee\/?post_type=product&#038;p=15755"},"modified":"2026-04-11T17:59:08","modified_gmt":"2026-04-11T14:59:08","slug":"cbg-dutch-passion-x-thcvo-60","status":"publish","type":"product","link":"https:\/\/cbditaly.ee\/ru\/product\/cbg-dutch-passion-x-thcvo-60\/","title":{"rendered":"CBG DUTCH PASSION X THCVO 60%"},"content":{"rendered":"<p>Kanepi \u00f5ied CBG DUTCH PASSION X THCVO 60%<br \/>\nTHC &lt;0,3%<\/p>\n<p>\u041e\u0431\u0437\u043e\u0440:<br \/>\nCBG Dutch Passion on visuaalselt \u00fchtlane ja geneetiliselt stabiilne kanepisort, mida hinnatakse selle professionaalse kvaliteedi ja selge morfoloogia poolest. Antud eriversioon on rikastatud kuni 60% THCVO sisaldusega, lisades tootele tehnoloogilise ja teadusliku m\u00f5\u00f5tme. Tegemist on premium-kategooria kollektsioneerimistootega, mis sobib esitlusteks ja professionaalsetesse eksponeerimiskeskkondadesse.<\/p>\n<p>\u0412\u043d\u0435\u0448\u043d\u0438\u0439 \u0432\u0438\u0434 \u0438 \u0430\u0440\u043e\u043c\u0430\u0442:<br \/>\n\u00d5ied on tihedad, struktuurilt kompaktsed ning kaetud \u00fchtlase vaiguse ja kristalse kihiga. V\u00e4rvitoonis domineerivad heledamad rohelised ja kergelt kuldsed n\u00fcansid. Aroomiprofiil on CBG-rikastele sortidele omaselt pehmem ja mahedam, esile kerkivad kergelt \u00fcrdised, \u00f5rnad tsitruselised ja maal\u00e4hedased noodid.<\/p>\n<p>\u0421\u043e\u0441\u0442\u0430\u0432 \u0438 \u0445\u0430\u0440\u0430\u043a\u0442\u0435\u0440\u0438\u0441\u0442\u0438\u043a\u0438:<br \/>\nTHCVO: \u0434\u043e 60 %<br \/>\nCBG: loomulik taimne sisaldus<br \/>\n\u0421\u043e\u0434\u0435\u0440\u0436\u0430\u043d\u0438\u0435 THC: \u043d\u0438\u0436\u0435 &lt;0,3 %<br \/>\n\u00dchtlane struktuur ja visuaalselt esinduslik v\u00e4limus<\/p>\n<p>\u041f\u0440\u043e\u0438\u0441\u0445\u043e\u0436\u0434\u0435\u043d\u0438\u0435 \u0438 \u043f\u0440\u043e\u0438\u0437\u0432\u043e\u0434\u0441\u0442\u0432\u043e:<br \/>\n\u00d5ied on hoolikalt valitud ja kontrollitud, et tagada \u00fchtlane kvaliteedistandard.<br \/>\n\u0421\u0442\u0440\u0430\u043d\u0430 \u041f\u0440\u043e\u0438\u0441\u0445\u043e\u0436\u0434\u0435\u043d\u0438\u044f: Italy<\/p>\n<p>\u0418\u0441\u043f\u043e\u043b\u044c\u0437\u043e\u0432\u0430\u043d\u0438\u0435 \u0438 \u043e\u0433\u0440\u0430\u043d\u0438\u0447\u0435\u043d\u0438\u044f:<br \/>\n\u0418\u0441\u043f\u043e\u043b\u044c\u0437\u043e\u0432\u0430\u043d\u0438\u0435 \u043f\u0440\u043e\u0434\u0443\u043a\u0442\u0430: \u0422\u043e\u043b\u044c\u043a\u043e \u0434\u043b\u044f \u043f\u0440\u043e\u0444\u0435\u0441\u0441\u0438\u043e\u043d\u0430\u043b\u044c\u043d\u043e\u0433\u043e \u0438\u0441\u043f\u043e\u043b\u044c\u0437\u043e\u0432\u0430\u043d\u0438\u044f \u0438\u043b\u0438 \u043a\u043e\u043b\u043b\u0435\u043a\u0446\u0438\u043e\u043d\u0438\u0440\u043e\u0432\u0430\u043d\u0438\u044f. \u041d\u0435 \u043f\u0440\u0435\u0434\u043d\u0430\u0437\u043d\u0430\u0447\u0435\u043d\u043e \u0434\u043b\u044f \u0443\u043f\u043e\u0442\u0440\u0435\u0431\u043b\u0435\u043d\u0438\u044f \u0447\u0435\u043b\u043e\u0432\u0435\u043a\u043e\u043c.<br \/>\n\u041e\u0433\u0440\u0430\u043d\u0438\u0447\u0435\u043d\u0438\u0435 \u043f\u043e \u043f\u0440\u043e\u0434\u0430\u0436\u0435: \u043d\u0435 \u043f\u0440\u043e\u0434\u0430\u0435\u0442\u0441\u044f \u043b\u0438\u0446\u0430\u043c \u043c\u043b\u0430\u0434\u0448\u0435 18 \u043b\u0435\u0442.<br \/>\n\u0425\u0440\u0430\u043d\u0435\u043d\u0438\u0435: \u0425\u0440\u0430\u043d\u0438\u0442\u044c \u0432 \u0441\u0443\u0445\u043e\u043c \u0438 \u043f\u0440\u043e\u0445\u043b\u0430\u0434\u043d\u043e\u043c \u043c\u0435\u0441\u0442\u0435, \u0432\u0434\u0430\u043b\u0438 \u043e\u0442 \u043f\u0440\u044f\u043c\u044b\u0445 \u0438\u0441\u0442\u043e\u0447\u043d\u0438\u043a\u043e\u0432 \u0442\u0435\u043f\u043b\u0430 \u0438 \u0432 \u043d\u0435\u0434\u043e\u0441\u0442\u0443\u043f\u043d\u043e\u043c \u0434\u043b\u044f \u0434\u0435\u0442\u0435\u0439 \u043c\u0435\u0441\u0442\u0435.<\/p>\n<p>\u041e\u043f\u0442 \u0438 \u043f\u0430\u0440\u0442\u043d\u0451\u0440\u0441\u0442\u0432\u043e:<br \/>\n\u0425\u043e\u0442\u0438\u0442\u0435 \u0441\u0442\u0430\u0442\u044c \u043d\u0435\u0437\u0430\u0432\u0438\u0441\u0438\u043c\u044b\u043c \u0434\u0438\u0441\u0442\u0440\u0438\u0431\u044c\u044e\u0442\u043e\u0440\u043e\u043c \u0438\u043b\u0438 \u0444\u0440\u0430\u043d\u0447\u0430\u0439\u0437\u0438-\u043f\u0430\u0440\u0442\u043d\u0451\u0440\u043e\u043c?<br \/>\n\u041c\u044b \u043f\u0440\u0435\u0434\u043b\u0430\u0433\u0430\u0435\u043c \u043d\u0438\u0437\u043a\u0438\u0435 \u043c\u0438\u043d\u0438\u043c\u0430\u043b\u044c\u043d\u044b\u0435 \u043e\u0431\u044a\u0451\u043c\u044b, \u043f\u0440\u043e\u0444\u0435\u0441\u0441\u0438\u043e\u043d\u0430\u043b\u044c\u043d\u043e\u0435 \u043a\u0430\u0447\u0435\u0441\u0442\u0432\u043e \u0438 \u0433\u0438\u0431\u043a\u0438\u0435 \u0443\u0441\u043b\u043e\u0432\u0438\u044f.<\/p>\n<p>\u041f\u0440\u0438\u0441\u043e\u0435\u0434\u0438\u043d\u044f\u0439\u0442\u0435\u0441\u044c \u043a \u043d\u0430\u0448\u0435\u043c\u0443 Cash &amp; Carry \u0438\u043b\u0438 \u043d\u0430\u043f\u0438\u0448\u0438\u0442\u0435 \u043d\u0430\u043c: <a href=\"mailto:biz@cbditaly.store\">biz@cbditaly.store<\/a><\/p>","protected":false},"excerpt":{"rendered":"<p>Swiss Cheese X THCVO 60%<br \/>\n\u0414\u043e\u0441\u0442\u0443\u043f\u0435\u043d \u0432 \u0443\u043f\u0430\u043a\u043e\u0432\u043a\u0430\u0445: 2g-3g-5g-10g-20g-50g<\/p>","protected":false},"featured_media":15886,"template":"","meta":{"_joinchat":[]},"product_brand":[],"product_cat":[327,704,703],"product_tag":[],"class_list":{"0":"post-15755","1":"product","2":"type-product","3":"status-publish","4":"has-post-thumbnail","6":"product_cat-cbd-cbg-kanepi-oied","7":"product_cat-new","8":"product_cat-thcvo","11":"first","12":"instock","13":"purchasable","14":"product-type-simple"},"tiered_pricing_type":"fixed","tiered_pricing_fixed_rules":{"2":17,"3":15,"5":10,"10":9,"20":8,"50":7,"100":6,"1000":4.5},"tiered_pricing_product_settings":{"layout":"default","base_unit_name":{"singular":null,"plural":null},"default_variation":null},"tiered_pricing_minimum_quantity":null,"tiered_pricing_roles_data":[],"tiered_pricing_percentage_rules":[],"tiered_pricing_maximum_quantity":null,"tiered_pricing_quantity_step":null,"_links":{"self":[{"href":"https:\/\/cbditaly.ee\/ru\/wp-json\/wp\/v2\/product\/15755","targetHints":{"allow":["GET"]}}],"collection":[{"href":"https:\/\/cbditaly.ee\/ru\/wp-json\/wp\/v2\/product"}],"about":[{"href":"https:\/\/cbditaly.ee\/ru\/wp-json\/wp\/v2\/types\/product"}],"wp:featuredmedia":[{"embeddable":true,"href":"https:\/\/cbditaly.ee\/ru\/wp-json\/wp\/v2\/media\/15886"}],"wp:attachment":[{"href":"https:\/\/cbditaly.ee\/ru\/wp-json\/wp\/v2\/media?parent=15755"}],"wp:term":[{"taxonomy":"product_brand","embeddable":true,"href":"https:\/\/cbditaly.ee\/ru\/wp-json\/wp\/v2\/product_brand?post=15755"},{"taxonomy":"product_cat","embeddable":true,"href":"https:\/\/cbditaly.ee\/ru\/wp-json\/wp\/v2\/product_cat?post=15755"},{"taxonomy":"product_tag","embeddable":true,"href":"https:\/\/cbditaly.ee\/ru\/wp-json\/wp\/v2\/product_tag?post=15755"}],"curies":[{"name":"wp","href":"https:\/\/api.w.org\/{rel}","templated":true}]}}