{"id":15757,"date":"2026-02-11T12:41:21","date_gmt":"2026-02-11T10:41:21","guid":{"rendered":"https:\/\/cbditaly.ee\/?post_type=product&#038;p=15757"},"modified":"2026-03-01T01:10:18","modified_gmt":"2026-02-28T23:10:18","slug":"lemon-haze-cbd-21-thc","status":"publish","type":"product","link":"https:\/\/cbditaly.ee\/ru\/product\/lemon-haze-cbd-21-thc\/","title":{"rendered":"LEMON HAZE CBD 21% THC<0,3%"},"content":{"rendered":"<p data-start=\"0\" data-end=\"46\">Kanepi \u00f5ied LEMON HAZE CBD 21%<br data-start=\"34\" data-end=\"37\" \/>THC &lt;0,3%<\/p>\n<p data-start=\"48\" data-end=\"479\">\u041e\u0431\u0437\u043e\u0440:<br data-start=\"57\" data-end=\"60\" \/>Lemon Haze on visuaalselt v\u00e4ljendusrikas ja iseloomuliku tsitruselise profiiliga CBD-rikas kanepisort, mida hinnatakse selle \u00fchtlase struktuuri ja professionaalse kvaliteedi poolest. K\u00f5rge CBD 21% sisaldus koos madala THC tasemega annab sordile kollektsioonilise ja esitlusliku v\u00e4\u00e4rtuse. Tegemist on premium-kategooria kollektsioneerimistootega, mis sobib suurep\u00e4raselt professionaalsetesse eksponeerimiskeskkondadesse.<\/p>\n<p data-start=\"481\" data-end=\"797\">\u0412\u043d\u0435\u0448\u043d\u0438\u0439 \u0432\u0438\u0434 \u0438 \u0430\u0440\u043e\u043c\u0430\u0442:<br data-start=\"498\" data-end=\"501\" \/>\u00d5ied on kompaktsed, vaigused ja kaetud \u00fchtlase kristalse h\u00e4rmatisega. Domineerivad erksad rohelised toonid, mida t\u00e4iendavad kontrastsed oran\u017eid karvad. Aroomiprofiil on selgelt tsitruseline, meenutades v\u00e4rsket sidrunikoort ja pehmeid \u00fcrdiseid n\u00fcansse, mis on iseloomulikud Lemon Haze geneetikale.<\/p>\n<p data-start=\"799\" data-end=\"946\">\u0421\u043e\u0441\u0442\u0430\u0432 \u0438 \u0445\u0430\u0440\u0430\u043a\u0442\u0435\u0440\u0438\u0441\u0442\u0438\u043a\u0438:<br data-start=\"819\" data-end=\"822\" \/>CBD: \u0434\u043e 21%<br data-start=\"835\" data-end=\"838\" \/>\u0421\u043e\u0434\u0435\u0440\u0436\u0430\u043d\u0438\u0435 THC: \u043d\u0438\u0436\u0435 &lt;0,3 %<br data-start=\"862\" data-end=\"865\" \/>\u041d\u0430\u0442\u0443\u0440\u0430\u043b\u044c\u043d\u044b\u0439 \u0440\u0430\u0441\u0442\u0438\u0442\u0435\u043b\u044c\u043d\u044b\u0439 \u0441\u043e\u0441\u0442\u0430\u0432<br data-start=\"888\" data-end=\"891\" \/>Stabiilne morfoloogia ja visuaalselt esinduslik v\u00e4limus<\/p>\n<p data-start=\"948\" data-end=\"1106\">\u041f\u0440\u043e\u0438\u0441\u0445\u043e\u0436\u0434\u0435\u043d\u0438\u0435 \u0438 \u043f\u0440\u043e\u0438\u0437\u0432\u043e\u0434\u0441\u0442\u0432\u043e:<br data-start=\"969\" data-end=\"972\" \/>Tooted on k\u00e4sitsi valitud ning kvaliteedikontrollitud, tagamaks \u00fchtlase ja k\u00f5rgetasemelise visuaalse standardi.<br data-start=\"1083\" data-end=\"1086\" \/>\u0421\u0442\u0440\u0430\u043d\u0430 \u041f\u0440\u043e\u0438\u0441\u0445\u043e\u0436\u0434\u0435\u043d\u0438\u044f: Italy<\/p>\n<p data-start=\"1108\" data-end=\"1384\">\u0418\u0441\u043f\u043e\u043b\u044c\u0437\u043e\u0432\u0430\u043d\u0438\u0435 \u0438 \u043e\u0433\u0440\u0430\u043d\u0438\u0447\u0435\u043d\u0438\u044f:<br data-start=\"1129\" data-end=\"1132\" \/>\u0418\u0441\u043f\u043e\u043b\u044c\u0437\u043e\u0432\u0430\u043d\u0438\u0435 \u043f\u0440\u043e\u0434\u0443\u043a\u0442\u0430: \u0422\u043e\u043b\u044c\u043a\u043e \u0434\u043b\u044f \u043f\u0440\u043e\u0444\u0435\u0441\u0441\u0438\u043e\u043d\u0430\u043b\u044c\u043d\u043e\u0433\u043e \u0438\u0441\u043f\u043e\u043b\u044c\u0437\u043e\u0432\u0430\u043d\u0438\u044f \u0438\u043b\u0438 \u043a\u043e\u043b\u043b\u0435\u043a\u0446\u0438\u043e\u043d\u0438\u0440\u043e\u0432\u0430\u043d\u0438\u044f. \u041d\u0435 \u043f\u0440\u0435\u0434\u043d\u0430\u0437\u043d\u0430\u0447\u0435\u043d\u043e \u0434\u043b\u044f \u0443\u043f\u043e\u0442\u0440\u0435\u0431\u043b\u0435\u043d\u0438\u044f \u0447\u0435\u043b\u043e\u0432\u0435\u043a\u043e\u043c.<br data-start=\"1234\" data-end=\"1237\" \/>\u041e\u0433\u0440\u0430\u043d\u0438\u0447\u0435\u043d\u0438\u0435 \u043f\u043e \u043f\u0440\u043e\u0434\u0430\u0436\u0435: \u043d\u0435 \u043f\u0440\u043e\u0434\u0430\u0435\u0442\u0441\u044f \u043b\u0438\u0446\u0430\u043c \u043c\u043b\u0430\u0434\u0448\u0435 18 \u043b\u0435\u0442.<br data-start=\"1281\" data-end=\"1284\" \/>\u0425\u0440\u0430\u043d\u0435\u043d\u0438\u0435: \u0425\u0440\u0430\u043d\u0438\u0442\u044c \u0432 \u0441\u0443\u0445\u043e\u043c \u0438 \u043f\u0440\u043e\u0445\u043b\u0430\u0434\u043d\u043e\u043c \u043c\u0435\u0441\u0442\u0435, \u0432\u0434\u0430\u043b\u0438 \u043e\u0442 \u043f\u0440\u044f\u043c\u044b\u0445 \u0438\u0441\u0442\u043e\u0447\u043d\u0438\u043a\u043e\u0432 \u0442\u0435\u043f\u043b\u0430 \u0438 \u0432 \u043d\u0435\u0434\u043e\u0441\u0442\u0443\u043f\u043d\u043e\u043c \u0434\u043b\u044f \u0434\u0435\u0442\u0435\u0439 \u043c\u0435\u0441\u0442\u0435.<\/p>\n<p data-start=\"1386\" data-end=\"1569\">\u041e\u043f\u0442 \u0438 \u043f\u0430\u0440\u0442\u043d\u0451\u0440\u0441\u0442\u0432\u043e:<br data-start=\"1410\" data-end=\"1413\" \/>\u0425\u043e\u0442\u0438\u0442\u0435 \u0441\u0442\u0430\u0442\u044c \u043d\u0435\u0437\u0430\u0432\u0438\u0441\u0438\u043c\u044b\u043c \u0434\u0438\u0441\u0442\u0440\u0438\u0431\u044c\u044e\u0442\u043e\u0440\u043e\u043c \u0438\u043b\u0438 \u0444\u0440\u0430\u043d\u0447\u0430\u0439\u0437\u0438-\u043f\u0430\u0440\u0442\u043d\u0451\u0440\u043e\u043c?<br data-start=\"1480\" data-end=\"1483\" \/>\u041c\u044b \u043f\u0440\u0435\u0434\u043b\u0430\u0433\u0430\u0435\u043c \u043d\u0438\u0437\u043a\u0438\u0435 \u043c\u0438\u043d\u0438\u043c\u0430\u043b\u044c\u043d\u044b\u0435 \u043e\u0431\u044a\u0451\u043c\u044b, \u043f\u0440\u043e\u0444\u0435\u0441\u0441\u0438\u043e\u043d\u0430\u043b\u044c\u043d\u043e\u0435 \u043a\u0430\u0447\u0435\u0441\u0442\u0432\u043e \u0438 \u0433\u0438\u0431\u043a\u0438\u0435 \u0443\u0441\u043b\u043e\u0432\u0438\u044f.<\/p>\n<p data-start=\"1571\" data-end=\"1629\" data-is-last-node=\"\" data-is-only-node=\"\">\u041f\u0440\u0438\u0441\u043e\u0435\u0434\u0438\u043d\u044f\u0439\u0442\u0435\u0441\u044c \u043a \u043d\u0430\u0448\u0435\u043c\u0443 Cash &amp; Carry \u0438\u043b\u0438 \u043d\u0430\u043f\u0438\u0448\u0438\u0442\u0435 \u043d\u0430\u043c: <a class=\"decorated-link cursor-pointer\" rel=\"noopener\" data-start=\"1611\" data-end=\"1629\" data-is-last-node=\"\">biz@cbditaly.store<\/a><\/p>","protected":false},"excerpt":{"rendered":"<p>Kanepi \u00f5ied CBD 21% LEMON HAZE<br \/>\n\u0414\u043e\u0441\u0442\u0443\u043f\u0435\u043d \u0432 \u0443\u043f\u0430\u043a\u043e\u0432\u043a\u0430\u0445: 2\u0433-3\u0433-5\u0433-10\u0433-20\u0433-50\u0433-100\u0433.<\/p>","protected":false},"featured_media":12097,"template":"","meta":{"_joinchat":[]},"product_brand":[],"product_cat":[705,327],"product_tag":[],"class_list":{"0":"post-15757","1":"product","2":"type-product","3":"status-publish","4":"has-post-thumbnail","6":"product_cat-cbd","7":"product_cat-cbd-cbg-kanepi-oied","10":"first","11":"instock","12":"purchasable","13":"product-type-simple"},"tiered_pricing_type":"fixed","tiered_pricing_fixed_rules":{"2":10,"5":7,"10":6,"20":5,"50":4,"100":3,"500":2},"tiered_pricing_product_settings":{"layout":"default","base_unit_name":{"singular":null,"plural":null},"default_variation":null},"tiered_pricing_minimum_quantity":null,"tiered_pricing_roles_data":[],"tiered_pricing_percentage_rules":[],"tiered_pricing_maximum_quantity":null,"tiered_pricing_quantity_step":null,"_links":{"self":[{"href":"https:\/\/cbditaly.ee\/ru\/wp-json\/wp\/v2\/product\/15757","targetHints":{"allow":["GET"]}}],"collection":[{"href":"https:\/\/cbditaly.ee\/ru\/wp-json\/wp\/v2\/product"}],"about":[{"href":"https:\/\/cbditaly.ee\/ru\/wp-json\/wp\/v2\/types\/product"}],"wp:featuredmedia":[{"embeddable":true,"href":"https:\/\/cbditaly.ee\/ru\/wp-json\/wp\/v2\/media\/12097"}],"wp:attachment":[{"href":"https:\/\/cbditaly.ee\/ru\/wp-json\/wp\/v2\/media?parent=15757"}],"wp:term":[{"taxonomy":"product_brand","embeddable":true,"href":"https:\/\/cbditaly.ee\/ru\/wp-json\/wp\/v2\/product_brand?post=15757"},{"taxonomy":"product_cat","embeddable":true,"href":"https:\/\/cbditaly.ee\/ru\/wp-json\/wp\/v2\/product_cat?post=15757"},{"taxonomy":"product_tag","embeddable":true,"href":"https:\/\/cbditaly.ee\/ru\/wp-json\/wp\/v2\/product_tag?post=15757"}],"curies":[{"name":"wp","href":"https:\/\/api.w.org\/{rel}","templated":true}]}}