{"id":15758,"date":"2026-02-11T12:52:52","date_gmt":"2026-02-11T10:52:52","guid":{"rendered":"https:\/\/cbditaly.ee\/?post_type=product&#038;p=15758"},"modified":"2026-03-01T01:10:05","modified_gmt":"2026-02-28T23:10:05","slug":"dutch-passion-cbg-21","status":"publish","type":"product","link":"https:\/\/cbditaly.ee\/ru\/product\/dutch-passion-cbg-21\/","title":{"rendered":"DUTCH PASSION CBG 21%"},"content":{"rendered":"<p data-start=\"0\" data-end=\"49\">Kanepi \u00f5ied DUTCH PASSION CBG 21%<br data-start=\"37\" data-end=\"40\" \/>THC &lt;0,3%<\/p>\n<p data-start=\"51\" data-end=\"461\">\u041e\u0431\u0437\u043e\u0440:<br data-start=\"60\" data-end=\"63\" \/>Dutch Passion CBG on geneetiliselt stabiilne ja professionaalse kvaliteediga CBG-rikas kanepisort, mida hinnatakse selle \u00fchtlase struktuuri ja visuaalse puhtuse poolest. K\u00f5rge CBG 21% sisaldus koos madala THC tasemega annab sordile selge kollektsioonilise ja esitlusliku v\u00e4\u00e4rtuse. Tegemist on premium-kategooria kollektsioneerimistootega, mis sobib professionaalsetesse eksponeerimiskeskkondadesse.<\/p>\n<p data-start=\"463\" data-end=\"799\">\u0412\u043d\u0435\u0448\u043d\u0438\u0439 \u0432\u0438\u0434 \u0438 \u0430\u0440\u043e\u043c\u0430\u0442:<br data-start=\"480\" data-end=\"483\" \/>\u00d5ied on kompaktsed, tiheda struktuuriga ja kaetud \u00fchtlase kristalse vaigukihiga. V\u00e4rvigammas domineerivad heledamad rohelised toonid koos kuldsete ja oran\u017eikate n\u00fcanssidega. Aroomiprofiil on CBG-sortidele omaselt mahedam ja tasakaalustatud, esile kerkivad kergelt \u00fcrdised, \u00f5rnad tsitruselised ja maal\u00e4hedased noodid.<\/p>\n<p data-start=\"801\" data-end=\"948\">\u0421\u043e\u0441\u0442\u0430\u0432 \u0438 \u0445\u0430\u0440\u0430\u043a\u0442\u0435\u0440\u0438\u0441\u0442\u0438\u043a\u0438:<br data-start=\"821\" data-end=\"824\" \/>CBG: kuni 21%<br data-start=\"837\" data-end=\"840\" \/>\u0421\u043e\u0434\u0435\u0440\u0436\u0430\u043d\u0438\u0435 THC: \u043d\u0438\u0436\u0435 &lt;0,3 %<br data-start=\"864\" data-end=\"867\" \/>\u041d\u0430\u0442\u0443\u0440\u0430\u043b\u044c\u043d\u044b\u0439 \u0440\u0430\u0441\u0442\u0438\u0442\u0435\u043b\u044c\u043d\u044b\u0439 \u0441\u043e\u0441\u0442\u0430\u0432<br data-start=\"890\" data-end=\"893\" \/>Stabiilne morfoloogia ja visuaalselt esinduslik v\u00e4limus<\/p>\n<p data-start=\"950\" data-end=\"1107\">\u041f\u0440\u043e\u0438\u0441\u0445\u043e\u0436\u0434\u0435\u043d\u0438\u0435 \u0438 \u043f\u0440\u043e\u0438\u0437\u0432\u043e\u0434\u0441\u0442\u0432\u043e:<br data-start=\"971\" data-end=\"974\" \/>Tooted on hoolikalt k\u00e4sitsi valitud ning kvaliteedikontrollitud, tagamaks \u00fchtlane ja professionaalne standard.<br data-start=\"1084\" data-end=\"1087\" \/>\u0421\u0442\u0440\u0430\u043d\u0430 \u041f\u0440\u043e\u0438\u0441\u0445\u043e\u0436\u0434\u0435\u043d\u0438\u044f: Italy<\/p>\n<p data-start=\"1109\" data-end=\"1385\">\u0418\u0441\u043f\u043e\u043b\u044c\u0437\u043e\u0432\u0430\u043d\u0438\u0435 \u0438 \u043e\u0433\u0440\u0430\u043d\u0438\u0447\u0435\u043d\u0438\u044f:<br data-start=\"1130\" data-end=\"1133\" \/>\u0418\u0441\u043f\u043e\u043b\u044c\u0437\u043e\u0432\u0430\u043d\u0438\u0435 \u043f\u0440\u043e\u0434\u0443\u043a\u0442\u0430: \u0422\u043e\u043b\u044c\u043a\u043e \u0434\u043b\u044f \u043f\u0440\u043e\u0444\u0435\u0441\u0441\u0438\u043e\u043d\u0430\u043b\u044c\u043d\u043e\u0433\u043e \u0438\u0441\u043f\u043e\u043b\u044c\u0437\u043e\u0432\u0430\u043d\u0438\u044f \u0438\u043b\u0438 \u043a\u043e\u043b\u043b\u0435\u043a\u0446\u0438\u043e\u043d\u0438\u0440\u043e\u0432\u0430\u043d\u0438\u044f. \u041d\u0435 \u043f\u0440\u0435\u0434\u043d\u0430\u0437\u043d\u0430\u0447\u0435\u043d\u043e \u0434\u043b\u044f \u0443\u043f\u043e\u0442\u0440\u0435\u0431\u043b\u0435\u043d\u0438\u044f \u0447\u0435\u043b\u043e\u0432\u0435\u043a\u043e\u043c.<br data-start=\"1235\" data-end=\"1238\" \/>\u041e\u0433\u0440\u0430\u043d\u0438\u0447\u0435\u043d\u0438\u0435 \u043f\u043e \u043f\u0440\u043e\u0434\u0430\u0436\u0435: \u043d\u0435 \u043f\u0440\u043e\u0434\u0430\u0435\u0442\u0441\u044f \u043b\u0438\u0446\u0430\u043c \u043c\u043b\u0430\u0434\u0448\u0435 18 \u043b\u0435\u0442.<br data-start=\"1282\" data-end=\"1285\" \/>\u0425\u0440\u0430\u043d\u0435\u043d\u0438\u0435: \u0425\u0440\u0430\u043d\u0438\u0442\u044c \u0432 \u0441\u0443\u0445\u043e\u043c \u0438 \u043f\u0440\u043e\u0445\u043b\u0430\u0434\u043d\u043e\u043c \u043c\u0435\u0441\u0442\u0435, \u0432\u0434\u0430\u043b\u0438 \u043e\u0442 \u043f\u0440\u044f\u043c\u044b\u0445 \u0438\u0441\u0442\u043e\u0447\u043d\u0438\u043a\u043e\u0432 \u0442\u0435\u043f\u043b\u0430 \u0438 \u0432 \u043d\u0435\u0434\u043e\u0441\u0442\u0443\u043f\u043d\u043e\u043c \u0434\u043b\u044f \u0434\u0435\u0442\u0435\u0439 \u043c\u0435\u0441\u0442\u0435.<\/p>\n<p data-start=\"1387\" data-end=\"1570\">\u041e\u043f\u0442 \u0438 \u043f\u0430\u0440\u0442\u043d\u0451\u0440\u0441\u0442\u0432\u043e:<br data-start=\"1411\" data-end=\"1414\" \/>\u0425\u043e\u0442\u0438\u0442\u0435 \u0441\u0442\u0430\u0442\u044c \u043d\u0435\u0437\u0430\u0432\u0438\u0441\u0438\u043c\u044b\u043c \u0434\u0438\u0441\u0442\u0440\u0438\u0431\u044c\u044e\u0442\u043e\u0440\u043e\u043c \u0438\u043b\u0438 \u0444\u0440\u0430\u043d\u0447\u0430\u0439\u0437\u0438-\u043f\u0430\u0440\u0442\u043d\u0451\u0440\u043e\u043c?<br data-start=\"1481\" data-end=\"1484\" \/>\u041c\u044b \u043f\u0440\u0435\u0434\u043b\u0430\u0433\u0430\u0435\u043c \u043d\u0438\u0437\u043a\u0438\u0435 \u043c\u0438\u043d\u0438\u043c\u0430\u043b\u044c\u043d\u044b\u0435 \u043e\u0431\u044a\u0451\u043c\u044b, \u043f\u0440\u043e\u0444\u0435\u0441\u0441\u0438\u043e\u043d\u0430\u043b\u044c\u043d\u043e\u0435 \u043a\u0430\u0447\u0435\u0441\u0442\u0432\u043e \u0438 \u0433\u0438\u0431\u043a\u0438\u0435 \u0443\u0441\u043b\u043e\u0432\u0438\u044f.<\/p>\n<p data-start=\"1572\" data-end=\"1630\" data-is-last-node=\"\" data-is-only-node=\"\">\u041f\u0440\u0438\u0441\u043e\u0435\u0434\u0438\u043d\u044f\u0439\u0442\u0435\u0441\u044c \u043a \u043d\u0430\u0448\u0435\u043c\u0443 Cash &amp; Carry \u0438\u043b\u0438 \u043d\u0430\u043f\u0438\u0448\u0438\u0442\u0435 \u043d\u0430\u043c: <a class=\"decorated-link cursor-pointer\" rel=\"noopener\" data-start=\"1612\" data-end=\"1630\" data-is-last-node=\"\">biz@cbditaly.store<\/a><\/p>","protected":false},"excerpt":{"rendered":"<p>Kanepi \u00f5ied CBG 21% DUTCH PASSION<br \/>\n\u0414\u043e\u0441\u0442\u0443\u043f\u0435\u043d \u0432 \u0443\u043f\u0430\u043a\u043e\u0432\u043a\u0430\u0445: 2\u0433-3\u0433-5\u0433-10\u0433-20\u0433-50\u0433-100\u0433.<\/p>","protected":false},"featured_media":11507,"template":"","meta":{"_joinchat":[]},"product_brand":[],"product_cat":[705,327,653],"product_tag":[],"class_list":{"0":"post-15758","1":"product","2":"type-product","3":"status-publish","4":"has-post-thumbnail","6":"product_cat-cbd","7":"product_cat-cbd-cbg-kanepi-oied","8":"product_cat-cbg-cbga","11":"first","12":"instock","13":"purchasable","14":"product-type-simple"},"tiered_pricing_type":"fixed","tiered_pricing_fixed_rules":{"2":12,"5":10,"10":8,"20":7,"50":6,"100":5,"500":3,"1000":2.5},"tiered_pricing_product_settings":{"layout":"default","base_unit_name":{"singular":null,"plural":null},"default_variation":null},"tiered_pricing_minimum_quantity":null,"tiered_pricing_roles_data":[],"tiered_pricing_percentage_rules":[],"tiered_pricing_maximum_quantity":null,"tiered_pricing_quantity_step":null,"_links":{"self":[{"href":"https:\/\/cbditaly.ee\/ru\/wp-json\/wp\/v2\/product\/15758","targetHints":{"allow":["GET"]}}],"collection":[{"href":"https:\/\/cbditaly.ee\/ru\/wp-json\/wp\/v2\/product"}],"about":[{"href":"https:\/\/cbditaly.ee\/ru\/wp-json\/wp\/v2\/types\/product"}],"wp:featuredmedia":[{"embeddable":true,"href":"https:\/\/cbditaly.ee\/ru\/wp-json\/wp\/v2\/media\/11507"}],"wp:attachment":[{"href":"https:\/\/cbditaly.ee\/ru\/wp-json\/wp\/v2\/media?parent=15758"}],"wp:term":[{"taxonomy":"product_brand","embeddable":true,"href":"https:\/\/cbditaly.ee\/ru\/wp-json\/wp\/v2\/product_brand?post=15758"},{"taxonomy":"product_cat","embeddable":true,"href":"https:\/\/cbditaly.ee\/ru\/wp-json\/wp\/v2\/product_cat?post=15758"},{"taxonomy":"product_tag","embeddable":true,"href":"https:\/\/cbditaly.ee\/ru\/wp-json\/wp\/v2\/product_tag?post=15758"}],"curies":[{"name":"wp","href":"https:\/\/api.w.org\/{rel}","templated":true}]}}